{"id":316,"date":"2025-08-21T12:25:33","date_gmt":"2025-08-21T12:25:33","guid":{"rendered":"https:\/\/werkcentrumhelmonddepeel.pimdigital.nl\/?page_id=316"},"modified":"2026-05-13T10:06:26","modified_gmt":"2026-05-13T10:06:26","slug":"kontakt","status":"publish","type":"page","link":"https:\/\/werkcentrumhelmonddepeel.nl\/pl\/contact\/","title":{"rendered":"Kontakt"},"content":{"rendered":"<div data-elementor-type=\"wp-page\" data-elementor-id=\"316\" class=\"elementor elementor-316\" data-elementor-post-type=\"page\">\n\t\t\t\t<div class=\"elementor-element elementor-element-6a4e431 e-con-full e-flex e-con e-parent\" data-id=\"6a4e431\" data-element_type=\"container\" data-e-type=\"container\" data-settings=\"{&quot;background_background&quot;:&quot;classic&quot;}\">\n\t\t\t\t<div class=\"elementor-element elementor-element-b04d01b elementor-widget elementor-widget-breadcrumbs\" data-id=\"b04d01b\" data-element_type=\"widget\" data-e-type=\"widget\" data-widget_type=\"breadcrumbs.default\">\n\t\t\t\t\t<p id=\"breadcrumbs\"><nav id=\"breadcrumbs\" aria-label=\"Breadcrumb\">\n              <ol class=\"breadcrumbs-list\"><li class=\"breadcrumb-item\"><span><span><a href=\"https:\/\/werkcentrumhelmonddepeel.nl\/\">G\u0142\u00f3wna<\/a><\/span><\/span><\/li><\/ol>\n            <\/nav><\/p>\t\t\t\t<\/div>\n\t\t<div class=\"elementor-element elementor-element-a0d8df1 e-con-full e-flex e-con e-child\" data-id=\"a0d8df1\" data-element_type=\"container\" data-e-type=\"container\">\n\t\t\t\t<div class=\"elementor-element elementor-element-aa832c0 elementor-widget elementor-widget-heading\" data-id=\"aa832c0\" data-element_type=\"widget\" data-e-type=\"widget\" data-widget_type=\"heading.default\">\n\t\t\t\t\t<h1 class=\"elementor-heading-title elementor-size-default\">Jak mo\u017cemy Ci pom\u00f3c?<\/h1>\t\t\t\t<\/div>\n\t\t\t\t<div class=\"elementor-element elementor-element-e27f4bd elementor-widget__width-auto elementor-widget-divider--view-line elementor-widget elementor-widget-divider\" data-id=\"e27f4bd\" data-element_type=\"widget\" data-e-type=\"widget\" data-widget_type=\"divider.default\">\n\t\t\t\t\t\t\t<div class=\"elementor-divider\">\n\t\t\t<span class=\"elementor-divider-separator\">\n\t\t\t\t\t\t<\/span>\n\t\t<\/div>\n\t\t\t\t\t\t<\/div>\n\t\t\t\t<\/div>\n\t\t\t\t<\/div>\n\t\t<div class=\"elementor-element elementor-element-7be2cdc e-flex e-con-boxed e-con e-child\" data-id=\"7be2cdc\" data-element_type=\"container\" data-e-type=\"container\" id=\"main-content\">\n\t\t\t\t\t<div class=\"e-con-inner\">\n\t\t<div class=\"elementor-element elementor-element-902f2c1 e-con-full e-flex e-con e-child\" data-id=\"902f2c1\" data-element_type=\"container\" data-e-type=\"container\" data-settings=\"{&quot;background_background&quot;:&quot;classic&quot;}\">\n\t\t\t\t<div class=\"elementor-element elementor-element-c63bce5 elementor-widget elementor-widget-image\" data-id=\"c63bce5\" data-element_type=\"widget\" data-e-type=\"widget\" data-widget_type=\"image.default\">\n\t\t\t\t\t\t\t\t\t\t\t\t\t\t\t<img decoding=\"async\" width=\"77\" height=\"76\" src=\"https:\/\/werkcentrumhelmonddepeel.nl\/wp-content\/uploads\/2025\/08\/Whatsapp-icon.svg\" class=\"attachment-large size-large wp-image-227\" alt=\"\" \/>\t\t\t\t\t\t\t\t\t\t\t\t\t\t\t<\/div>\n\t\t\t\t<div class=\"elementor-element elementor-element-d55ecd2 elementor-widget elementor-widget-heading\" data-id=\"d55ecd2\" data-element_type=\"widget\" data-e-type=\"widget\" data-widget_type=\"heading.default\">\n\t\t\t\t\t<h2 class=\"elementor-heading-title elementor-size-default\">Dzwonienie <\/h2>\t\t\t\t<\/div>\n\t\t\t\t<div class=\"elementor-element elementor-element-44cbc2e elementor-widget__width-initial elementor-widget elementor-widget-text-editor\" data-id=\"44cbc2e\" data-element_type=\"widget\" data-e-type=\"widget\" data-widget_type=\"text-editor.default\">\n\t\t\t\t\t\t\t\t\t<p>Mo\u017cna r\u00f3wnie\u017c skontaktowa\u0107 si\u0119 z nami telefonicznie <a href=\"tel:0492799523\">0492 - 799 523<\/a>.<\/p>\t\t\t\t\t\t\t\t<\/div>\n\t\t\t\t<div class=\"elementor-element elementor-element-3faacd5 elementor-widget elementor-widget-button\" data-id=\"3faacd5\" data-element_type=\"widget\" data-e-type=\"widget\" data-widget_type=\"button.default\">\n\t\t\t\t\t\t\t\t\t\t<a class=\"elementor-button elementor-button-link elementor-size-sm\" href=\"tel:0492799523\">\n\t\t\t\t\t\t<span class=\"elementor-button-content-wrapper\">\n\t\t\t\t\t\t\t\t\t<span class=\"elementor-button-text\">Dzwonienie<\/span>\n\t\t\t\t\t<\/span>\n\t\t\t\t\t<\/a>\n\t\t\t\t\t\t\t\t<\/div>\n\t\t\t\t<\/div>\n\t\t<div class=\"elementor-element elementor-element-64f2a75 e-con-full e-flex e-con e-child\" data-id=\"64f2a75\" data-element_type=\"container\" data-e-type=\"container\" data-settings=\"{&quot;background_background&quot;:&quot;classic&quot;}\">\n\t\t\t\t<div class=\"elementor-element elementor-element-d96208b elementor-widget elementor-widget-image\" data-id=\"d96208b\" data-element_type=\"widget\" data-e-type=\"widget\" data-widget_type=\"image.default\">\n\t\t\t\t\t\t\t\t\t\t\t\t\t\t\t<img decoding=\"async\" width=\"76\" height=\"76\" src=\"https:\/\/werkcentrumhelmonddepeel.nl\/wp-content\/uploads\/2025\/08\/Contactformulier-icon.svg\" class=\"attachment-large size-large wp-image-228\" alt=\"\" \/>\t\t\t\t\t\t\t\t\t\t\t\t\t\t\t<\/div>\n\t\t\t\t<div class=\"elementor-element elementor-element-63297bb elementor-widget elementor-widget-heading\" data-id=\"63297bb\" data-element_type=\"widget\" data-e-type=\"widget\" data-widget_type=\"heading.default\">\n\t\t\t\t\t<h2 class=\"elementor-heading-title elementor-size-default\">Umawianie spotka\u0144<\/h2>\t\t\t\t<\/div>\n\t\t\t\t<div class=\"elementor-element elementor-element-0caaaf6 elementor-widget__width-initial elementor-widget elementor-widget-text-editor\" data-id=\"0caaaf6\" data-element_type=\"widget\" data-e-type=\"widget\" data-widget_type=\"text-editor.default\">\n\t\t\t\t\t\t\t\t\t<p>Aby um\u00f3wi\u0107 si\u0119 na spotkanie, prosimy o wype\u0142nienie formularza kontaktowego. Skontaktujemy si\u0119 z Tob\u0105 tak szybko, jak to mo\u017cliwe, aby um\u00f3wi\u0107 si\u0119 na spotkanie.<\/p>\t\t\t\t\t\t\t\t<\/div>\n\t\t\t\t<div class=\"elementor-element elementor-element-a212799 elementor-widget elementor-widget-button\" data-id=\"a212799\" data-element_type=\"widget\" data-e-type=\"widget\" data-widget_type=\"button.default\">\n\t\t\t\t\t\t\t\t\t\t<a class=\"elementor-button elementor-button-link elementor-size-sm\" href=\"https:\/\/werkcentrumhelmonddepeel.nl\/stel-je-vraag\/\">\n\t\t\t\t\t\t<span class=\"elementor-button-content-wrapper\">\n\t\t\t\t\t\t\t\t\t<span class=\"elementor-button-text\">Formularz kontaktowy<\/span>\n\t\t\t\t\t<\/span>\n\t\t\t\t\t<\/a>\n\t\t\t\t\t\t\t\t<\/div>\n\t\t\t\t<\/div>\n\t\t<div class=\"elementor-element elementor-element-2e6d6ba e-con-full e-flex e-con e-child\" data-id=\"2e6d6ba\" data-element_type=\"container\" data-e-type=\"container\" data-settings=\"{&quot;background_background&quot;:&quot;classic&quot;}\">\n\t\t\t\t<div class=\"elementor-element elementor-element-6334b02 elementor-widget elementor-widget-image\" data-id=\"6334b02\" data-element_type=\"widget\" data-e-type=\"widget\" data-widget_type=\"image.default\">\n\t\t\t\t\t\t\t\t\t\t\t\t\t\t\t<img decoding=\"async\" width=\"76\" height=\"76\" src=\"https:\/\/werkcentrumhelmonddepeel.nl\/wp-content\/uploads\/2025\/08\/klok-icon.svg\" class=\"attachment-large size-large wp-image-482\" alt=\"\" \/>\t\t\t\t\t\t\t\t\t\t\t\t\t\t\t<\/div>\n\t\t\t\t<div class=\"elementor-element elementor-element-d48d693 elementor-widget elementor-widget-heading\" data-id=\"d48d693\" data-element_type=\"widget\" data-e-type=\"widget\" data-widget_type=\"heading.default\">\n\t\t\t\t\t<h2 class=\"elementor-heading-title elementor-size-default\">Godziny otwarcia<\/h2>\t\t\t\t<\/div>\n\t\t<div class=\"elementor-element elementor-element-27642ce e-con-full e-flex e-con e-child\" data-id=\"27642ce\" data-element_type=\"container\" data-e-type=\"container\">\n\t\t\t\t<div class=\"elementor-element elementor-element-e80a92b elementor-widget__width-initial elementor-widget elementor-widget-text-editor\" data-id=\"e80a92b\" data-element_type=\"widget\" data-e-type=\"widget\" data-widget_type=\"text-editor.default\">\n\t\t\t\t\t\t\t\t\t<p>Poniedzia\u0142ek <br \/>Wtorek<br \/>\u015aroda<br \/>Czwartek<br \/>Pi\u0105tek<br \/>Sobota<br \/>Niedziela<\/p>\t\t\t\t\t\t\t\t<\/div>\n\t\t\t\t<div class=\"elementor-element elementor-element-479010a elementor-widget__width-initial elementor-widget elementor-widget-text-editor\" data-id=\"479010a\" data-element_type=\"widget\" data-e-type=\"widget\" data-widget_type=\"text-editor.default\">\n\t\t\t\t\t\t\t\t\t<p>9:00 - 17:00<br \/>9:00 - 17:00<br \/>9:00 - 17:00<br \/>9:00 - 17:00<br \/>9:00 - 13:00<br \/>Zamkni\u0119te<br \/>Zamkni\u0119te<\/p>\t\t\t\t\t\t\t\t<\/div>\n\t\t\t\t<\/div>\n\t\t\t\t<\/div>\n\t\t\t\t\t<\/div>\n\t\t\t\t<\/div>\n\t\t<div class=\"elementor-element elementor-element-600c907 e-con-full e-flex e-con e-parent\" data-id=\"600c907\" data-element_type=\"container\" data-e-type=\"container\" id=\"contact\">\n\t\t\t\t<div class=\"elementor-element elementor-element-6c403b9 elementor-hidden-desktop elementor-hidden-tablet elementor-hidden-mobile elementor-widget elementor-widget-text-editor\" data-id=\"6c403b9\" data-element_type=\"widget\" data-e-type=\"widget\" data-widget_type=\"text-editor.default\">\n\t\t\t\t\t\t\t\t\t<p class=\"isSelectedEnd\">Jeste\u015bmy zamkni\u0119ci we wtorki rano przez czas nieokre\u015blony.<\/p><p class=\"isSelectedEnd\">Dodatkowo, w poni\u017csze \u015brody b\u0119dziemy dost\u0119pni tylko cyfrowo lub zapraszamy do punktu konsultacji Dommeldal w Geldrop:<\/p><p>\u00a0<\/p><ul data-spread=\"false\"><li>\u015broda 20 maja<\/li><li>\u015broda 3 czerwca<\/li><li>\u015broda, 17 czerwca<\/li><li>\u015broda 1 lipca<\/li><\/ul><p>\u00a0<\/p><p>W tych dniach nie b\u0119dzie nikogo w naszej innej lokalizacji. Formularz kontaktowy mo\u017cna wype\u0142ni\u0107 w dowolnym momencie.<\/p>\t\t\t\t\t\t\t\t<\/div>\n\t\t\t\t<\/div>\n\t\t\t\t<\/div>","protected":false},"excerpt":{"rendered":"<p>Hoe kunnen we je helpen? Bellen Je kunt ons ook telefonisch bereiken via 0492 \u2013 799 523. Bellen Afspraak maken Voor het maken van een afspraak kan het contactformulier ingevuld worden. Wij nemen dan zo snel mogelijk contact met je op om een afspraak te maken. Contactformulier Openingstijden Maandag DinsdagWoensdagDonderdagVrijdagZaterdagZondag 9:00 &#8211; 17:009:00 &#8211; 17:009:00 [&hellip;]<\/p>\n","protected":false},"author":1,"featured_media":1656,"parent":0,"menu_order":0,"comment_status":"closed","ping_status":"closed","template":"","meta":{"footnotes":""},"class_list":["post-316","page","type-page","status-publish","has-post-thumbnail","hentry"],"yoast_head":"<!-- This site is optimized with the Yoast SEO plugin v27.4 - https:\/\/yoast.com\/product\/yoast-seo-wordpress\/ -->\n<title>Contact \u2013 Werkcentrum Helmond\u2013De Peel helpt u graag<\/title>\n<meta name=\"description\" content=\"Contact met het Werkcentrum Helmond\u2013De Peel: bel 0492-799 523, gebruik het formulier of kom langs op werkdagen tussen 9:00-17:00 in Helmond.\" \/>\n<meta name=\"robots\" content=\"index, follow, max-snippet:-1, max-image-preview:large, max-video-preview:-1\" \/>\n<link rel=\"canonical\" href=\"https:\/\/werkcentrumhelmonddepeel.nl\/pl\/kontakt\/\" \/>\n<meta property=\"og:locale\" content=\"pl_PL\" \/>\n<meta property=\"og:type\" content=\"article\" \/>\n<meta property=\"og:title\" content=\"Contact \u2013 Werkcentrum Helmond\u2013De Peel helpt u graag\" \/>\n<meta property=\"og:description\" content=\"Contact met het Werkcentrum Helmond\u2013De Peel: bel 0492-799 523, gebruik het formulier of kom langs op werkdagen tussen 9:00-17:00 in Helmond.\" \/>\n<meta property=\"og:url\" content=\"https:\/\/werkcentrumhelmonddepeel.nl\/pl\/kontakt\/\" \/>\n<meta property=\"og:site_name\" content=\"Werkcentrum Helmond de Peel\" \/>\n<meta property=\"article:modified_time\" content=\"2026-05-13T10:06:26+00:00\" \/>\n<meta property=\"og:image\" content=\"https:\/\/werkcentrumhelmonddepeel.nl\/wp-content\/uploads\/2025\/08\/samenwerken-kantoor-computers.webp\" \/>\n\t<meta property=\"og:image:width\" content=\"1600\" \/>\n\t<meta property=\"og:image:height\" content=\"1067\" \/>\n\t<meta property=\"og:image:type\" content=\"image\/webp\" \/>\n<meta name=\"twitter:card\" content=\"summary_large_image\" \/>\n<meta name=\"twitter:label1\" content=\"Szacowany czas czytania\" \/>\n\t<meta name=\"twitter:data1\" content=\"1 minuta\" \/>\n<script type=\"application\/ld+json\" class=\"yoast-schema-graph\">{\"@context\":\"https:\\\/\\\/schema.org\",\"@graph\":[{\"@type\":\"WebPage\",\"@id\":\"https:\\\/\\\/werkcentrumhelmonddepeel.nl\\\/contact\\\/\",\"url\":\"https:\\\/\\\/werkcentrumhelmonddepeel.nl\\\/contact\\\/\",\"name\":\"Contact \u2013 Werkcentrum Helmond\u2013De Peel helpt u graag\",\"isPartOf\":{\"@id\":\"https:\\\/\\\/werkcentrumhelmonddepeel.nl\\\/#website\"},\"primaryImageOfPage\":{\"@id\":\"https:\\\/\\\/werkcentrumhelmonddepeel.nl\\\/contact\\\/#primaryimage\"},\"image\":{\"@id\":\"https:\\\/\\\/werkcentrumhelmonddepeel.nl\\\/contact\\\/#primaryimage\"},\"thumbnailUrl\":\"https:\\\/\\\/werkcentrumhelmonddepeel.nl\\\/wp-content\\\/uploads\\\/2025\\\/08\\\/samenwerken-kantoor-computers.webp\",\"datePublished\":\"2025-08-21T12:25:33+00:00\",\"dateModified\":\"2026-05-13T10:06:26+00:00\",\"description\":\"Contact met het Werkcentrum Helmond\u2013De Peel: bel 0492-799 523, gebruik het formulier of kom langs op werkdagen tussen 9:00-17:00 in Helmond.\",\"breadcrumb\":{\"@id\":\"https:\\\/\\\/werkcentrumhelmonddepeel.nl\\\/contact\\\/#breadcrumb\"},\"inLanguage\":\"pl-PL\",\"potentialAction\":[{\"@type\":\"ReadAction\",\"target\":[\"https:\\\/\\\/werkcentrumhelmonddepeel.nl\\\/contact\\\/\"]}]},{\"@type\":\"ImageObject\",\"inLanguage\":\"pl-PL\",\"@id\":\"https:\\\/\\\/werkcentrumhelmonddepeel.nl\\\/contact\\\/#primaryimage\",\"url\":\"https:\\\/\\\/werkcentrumhelmonddepeel.nl\\\/wp-content\\\/uploads\\\/2025\\\/08\\\/samenwerken-kantoor-computers.webp\",\"contentUrl\":\"https:\\\/\\\/werkcentrumhelmonddepeel.nl\\\/wp-content\\\/uploads\\\/2025\\\/08\\\/samenwerken-kantoor-computers.webp\",\"width\":1600,\"height\":1067,\"caption\":\"Twee personen werken samen achter computerschermen in kantoor\"},{\"@type\":\"BreadcrumbList\",\"@id\":\"https:\\\/\\\/werkcentrumhelmonddepeel.nl\\\/contact\\\/#breadcrumb\",\"itemListElement\":[{\"@type\":\"ListItem\",\"position\":1,\"name\":\"Home\",\"item\":\"https:\\\/\\\/werkcentrumhelmonddepeel.nl\\\/\"},{\"@type\":\"ListItem\",\"position\":2,\"name\":\"Contact\"}]},{\"@type\":\"WebSite\",\"@id\":\"https:\\\/\\\/werkcentrumhelmonddepeel.nl\\\/#website\",\"url\":\"https:\\\/\\\/werkcentrumhelmonddepeel.nl\\\/\",\"name\":\"Werkcentrum Helmond de Peel\",\"description\":\"...en je kunt weer vooruit\",\"publisher\":{\"@id\":\"https:\\\/\\\/werkcentrumhelmonddepeel.nl\\\/#organization\"},\"potentialAction\":[{\"@type\":\"SearchAction\",\"target\":{\"@type\":\"EntryPoint\",\"urlTemplate\":\"https:\\\/\\\/werkcentrumhelmonddepeel.nl\\\/?s={search_term_string}\"},\"query-input\":{\"@type\":\"PropertyValueSpecification\",\"valueRequired\":true,\"valueName\":\"search_term_string\"}}],\"inLanguage\":\"pl-PL\"},{\"@type\":\"Organization\",\"@id\":\"https:\\\/\\\/werkcentrumhelmonddepeel.nl\\\/#organization\",\"name\":\"Werkcentrum Helmond de Peel\",\"url\":\"https:\\\/\\\/werkcentrumhelmonddepeel.nl\\\/\",\"logo\":{\"@type\":\"ImageObject\",\"inLanguage\":\"pl-PL\",\"@id\":\"https:\\\/\\\/werkcentrumhelmonddepeel.nl\\\/#\\\/schema\\\/logo\\\/image\\\/\",\"url\":\"https:\\\/\\\/werkcentrumhelmonddepeel.nl\\\/wp-content\\\/uploads\\\/2025\\\/08\\\/Regio-logo-RGB-Helmond-De-Peel.svg\",\"contentUrl\":\"https:\\\/\\\/werkcentrumhelmonddepeel.nl\\\/wp-content\\\/uploads\\\/2025\\\/08\\\/Regio-logo-RGB-Helmond-De-Peel.svg\",\"width\":156,\"height\":43,\"caption\":\"Werkcentrum Helmond de Peel\"},\"image\":{\"@id\":\"https:\\\/\\\/werkcentrumhelmonddepeel.nl\\\/#\\\/schema\\\/logo\\\/image\\\/\"}}]}<\/script>\n<!-- \/ Yoast SEO plugin. -->","yoast_head_json":{"title":"Kontakt - Werkcentrum Helmond-De Peel ch\u0119tnie s\u0142u\u017cy pomoc\u0105","description":"Skontaktuj si\u0119 z Centrum Pracy Helmond-De Peel: zadzwo\u0144 pod numer 0492-799 523, skorzystaj z formularza lub przyjd\u017a w dni powszednie w godzinach 9:00-17:00 w Helmond.","robots":{"index":"index","follow":"follow","max-snippet":"max-snippet:-1","max-image-preview":"max-image-preview:large","max-video-preview":"max-video-preview:-1"},"canonical":"https:\/\/werkcentrumhelmonddepeel.nl\/pl\/kontakt\/","og_locale":"pl_PL","og_type":"article","og_title":"Contact \u2013 Werkcentrum Helmond\u2013De Peel helpt u graag","og_description":"Contact met het Werkcentrum Helmond\u2013De Peel: bel 0492-799 523, gebruik het formulier of kom langs op werkdagen tussen 9:00-17:00 in Helmond.","og_url":"https:\/\/werkcentrumhelmonddepeel.nl\/pl\/kontakt\/","og_site_name":"Werkcentrum Helmond de Peel","article_modified_time":"2026-05-13T10:06:26+00:00","og_image":[{"width":1600,"height":1067,"url":"https:\/\/werkcentrumhelmonddepeel.nl\/wp-content\/uploads\/2025\/08\/samenwerken-kantoor-computers.webp","type":"image\/webp"}],"twitter_card":"summary_large_image","twitter_misc":{"Szacowany czas czytania":"1 minuta"},"schema":{"@context":"https:\/\/schema.org","@graph":[{"@type":"WebPage","@id":"https:\/\/werkcentrumhelmonddepeel.nl\/contact\/","url":"https:\/\/werkcentrumhelmonddepeel.nl\/contact\/","name":"Kontakt - Werkcentrum Helmond-De Peel ch\u0119tnie s\u0142u\u017cy pomoc\u0105","isPartOf":{"@id":"https:\/\/werkcentrumhelmonddepeel.nl\/#website"},"primaryImageOfPage":{"@id":"https:\/\/werkcentrumhelmonddepeel.nl\/contact\/#primaryimage"},"image":{"@id":"https:\/\/werkcentrumhelmonddepeel.nl\/contact\/#primaryimage"},"thumbnailUrl":"https:\/\/werkcentrumhelmonddepeel.nl\/wp-content\/uploads\/2025\/08\/samenwerken-kantoor-computers.webp","datePublished":"2025-08-21T12:25:33+00:00","dateModified":"2026-05-13T10:06:26+00:00","description":"Skontaktuj si\u0119 z Centrum Pracy Helmond-De Peel: zadzwo\u0144 pod numer 0492-799 523, skorzystaj z formularza lub przyjd\u017a w dni powszednie w godzinach 9:00-17:00 w Helmond.","breadcrumb":{"@id":"https:\/\/werkcentrumhelmonddepeel.nl\/contact\/#breadcrumb"},"inLanguage":"pl-PL","potentialAction":[{"@type":"ReadAction","target":["https:\/\/werkcentrumhelmonddepeel.nl\/contact\/"]}]},{"@type":"ImageObject","inLanguage":"pl-PL","@id":"https:\/\/werkcentrumhelmonddepeel.nl\/contact\/#primaryimage","url":"https:\/\/werkcentrumhelmonddepeel.nl\/wp-content\/uploads\/2025\/08\/samenwerken-kantoor-computers.webp","contentUrl":"https:\/\/werkcentrumhelmonddepeel.nl\/wp-content\/uploads\/2025\/08\/samenwerken-kantoor-computers.webp","width":1600,"height":1067,"caption":"Twee personen werken samen achter computerschermen in kantoor"},{"@type":"BreadcrumbList","@id":"https:\/\/werkcentrumhelmonddepeel.nl\/contact\/#breadcrumb","itemListElement":[{"@type":"ListItem","position":1,"name":"Home","item":"https:\/\/werkcentrumhelmonddepeel.nl\/"},{"@type":"ListItem","position":2,"name":"Contact"}]},{"@type":"WebSite","@id":"https:\/\/werkcentrumhelmonddepeel.nl\/#website","url":"https:\/\/werkcentrumhelmonddepeel.nl\/","name":"Centrum robocze Helmond de Peel","description":"...i zn\u00f3w mo\u017cesz i\u015b\u0107 naprz\u00f3d","publisher":{"@id":"https:\/\/werkcentrumhelmonddepeel.nl\/#organization"},"potentialAction":[{"@type":"SearchAction","target":{"@type":"EntryPoint","urlTemplate":"https:\/\/werkcentrumhelmonddepeel.nl\/?s={search_term_string}"},"query-input":{"@type":"PropertyValueSpecification","valueRequired":true,"valueName":"search_term_string"}}],"inLanguage":"pl-PL"},{"@type":"Organization","@id":"https:\/\/werkcentrumhelmonddepeel.nl\/#organization","name":"Centrum robocze Helmond de Peel","url":"https:\/\/werkcentrumhelmonddepeel.nl\/","logo":{"@type":"ImageObject","inLanguage":"pl-PL","@id":"https:\/\/werkcentrumhelmonddepeel.nl\/#\/schema\/logo\/image\/","url":"https:\/\/werkcentrumhelmonddepeel.nl\/wp-content\/uploads\/2025\/08\/Regio-logo-RGB-Helmond-De-Peel.svg","contentUrl":"https:\/\/werkcentrumhelmonddepeel.nl\/wp-content\/uploads\/2025\/08\/Regio-logo-RGB-Helmond-De-Peel.svg","width":156,"height":43,"caption":"Werkcentrum Helmond de Peel"},"image":{"@id":"https:\/\/werkcentrumhelmonddepeel.nl\/#\/schema\/logo\/image\/"}}]}},"_links":{"self":[{"href":"https:\/\/werkcentrumhelmonddepeel.nl\/pl\/wp-json\/wp\/v2\/pages\/316","targetHints":{"allow":["GET"]}}],"collection":[{"href":"https:\/\/werkcentrumhelmonddepeel.nl\/pl\/wp-json\/wp\/v2\/pages"}],"about":[{"href":"https:\/\/werkcentrumhelmonddepeel.nl\/pl\/wp-json\/wp\/v2\/types\/page"}],"author":[{"embeddable":true,"href":"https:\/\/werkcentrumhelmonddepeel.nl\/pl\/wp-json\/wp\/v2\/users\/1"}],"replies":[{"embeddable":true,"href":"https:\/\/werkcentrumhelmonddepeel.nl\/pl\/wp-json\/wp\/v2\/comments?post=316"}],"version-history":[{"count":148,"href":"https:\/\/werkcentrumhelmonddepeel.nl\/pl\/wp-json\/wp\/v2\/pages\/316\/revisions"}],"predecessor-version":[{"id":2983,"href":"https:\/\/werkcentrumhelmonddepeel.nl\/pl\/wp-json\/wp\/v2\/pages\/316\/revisions\/2983"}],"wp:featuredmedia":[{"embeddable":true,"href":"https:\/\/werkcentrumhelmonddepeel.nl\/pl\/wp-json\/wp\/v2\/media\/1656"}],"wp:attachment":[{"href":"https:\/\/werkcentrumhelmonddepeel.nl\/pl\/wp-json\/wp\/v2\/media?parent=316"}],"curies":[{"name":"wp","href":"https:\/\/api.w.org\/{rel}","templated":true}]}}