{"id":1073,"date":"2025-08-27T07:53:24","date_gmt":"2025-08-27T07:53:24","guid":{"rendered":"https:\/\/werkcentrumhelmonddepeel.pimdigital.nl\/?page_id=1073"},"modified":"2026-01-13T10:29:50","modified_gmt":"2026-01-13T10:29:50","slug":"ghizii-nostri","status":"publish","type":"page","link":"https:\/\/werkcentrumhelmonddepeel.nl\/ro\/onze-gidsen\/","title":{"rendered":"Ghizii no\u0219tri"},"content":{"rendered":"<div data-elementor-type=\"wp-page\" data-elementor-id=\"1073\" class=\"elementor elementor-1073\" data-elementor-post-type=\"page\">\n\t\t\t\t<div class=\"elementor-element elementor-element-0ae07df e-con-full e-flex e-con e-parent\" data-id=\"0ae07df\" data-element_type=\"container\" data-e-type=\"container\" data-settings=\"{&quot;background_background&quot;:&quot;classic&quot;}\">\n\t\t\t\t<div class=\"elementor-element elementor-element-6f2285b elementor-widget elementor-widget-breadcrumbs\" data-id=\"6f2285b\" data-element_type=\"widget\" data-e-type=\"widget\" data-widget_type=\"breadcrumbs.default\">\n\t\t\t\t\t<p id=\"breadcrumbs\"><nav id=\"breadcrumbs\" aria-label=\"Miezul de p\u00e2ine\">\n              <ol class=\"breadcrumbs-list\"><li class=\"breadcrumb-item\"><span><span><a href=\"https:\/\/werkcentrumhelmonddepeel.nl\/\">Acas\u0103<\/a><\/span><\/span><\/li><\/ol>\n            <\/nav><\/p>\t\t\t\t<\/div>\n\t\t\t\t<\/div>\n\t\t<div class=\"elementor-element elementor-element-220dd1c e-con-full e-flex e-con e-parent\" data-id=\"220dd1c\" data-element_type=\"container\" data-e-type=\"container\" id=\"main-content\" data-settings=\"{&quot;background_background&quot;:&quot;classic&quot;}\">\n\t\t\t\t<div class=\"elementor-element elementor-element-ce7f788 elementor-widget elementor-widget-heading\" data-id=\"ce7f788\" data-element_type=\"widget\" data-e-type=\"widget\" data-widget_type=\"heading.default\">\n\t\t\t\t\t<h1 class=\"elementor-heading-title elementor-size-default\">Ghizii no\u0219tri<\/h1>\t\t\t\t<\/div>\n\t\t\t\t<div class=\"elementor-element elementor-element-098879c elementor-widget__width-auto elementor-hidden-mobile elementor-widget-divider--view-line elementor-widget elementor-widget-divider\" data-id=\"098879c\" data-element_type=\"widget\" data-e-type=\"widget\" data-widget_type=\"divider.default\">\n\t\t\t\t\t\t\t<div class=\"elementor-divider\">\n\t\t\t<span class=\"elementor-divider-separator\">\n\t\t\t\t\t\t<\/span>\n\t\t<\/div>\n\t\t\t\t\t\t<\/div>\n\t\t\t\t<div class=\"elementor-element elementor-element-f4373e6 elementor-hidden-mobile elementor-widget elementor-widget-button\" data-id=\"f4373e6\" data-element_type=\"widget\" data-e-type=\"widget\" data-widget_type=\"button.default\">\n\t\t\t\t\t\t\t\t\t\t<a class=\"elementor-button elementor-button-link elementor-size-sm\" href=\"https:\/\/werkcentrumhelmonddepeel.nl\/ro\/contact\/\">\n\t\t\t\t\t\t<span class=\"elementor-button-content-wrapper\">\n\t\t\t\t\t\t\t\t\t<span class=\"elementor-button-text\">Contact<\/span>\n\t\t\t\t\t<\/span>\n\t\t\t\t\t<\/a>\n\t\t\t\t\t\t\t\t<\/div>\n\t\t\t\t<\/div>\n\t\t<div class=\"elementor-element elementor-element-a9af922 e-con-full e-flex e-con e-parent\" data-id=\"a9af922\" data-element_type=\"container\" data-e-type=\"container\" data-settings=\"{&quot;background_background&quot;:&quot;classic&quot;}\">\n\t\t\t\t<div class=\"elementor-element elementor-element-19d923f elementor-widget__width-initial elementor-widget elementor-widget-text-editor\" data-id=\"19d923f\" data-element_type=\"widget\" data-e-type=\"widget\" data-widget_type=\"text-editor.default\">\n\t\t\t\t\t\t\t\t\t<p>Werkcentrum este o organiza\u021bie de re\u021bea a diver\u0219ilor parteneri de cooperare din regiunea pie\u021bei muncii Helmond-De Peel. Profesioni\u0219tii din cadrul acestor parteneri vor fi bucuro\u0219i s\u0103 v\u0103 \u00eendrume.\u00a0<\/p>\t\t\t\t\t\t\t\t<\/div>\n\t\t\t\t<div class=\"elementor-element elementor-element-5a6ee0a elementor-hidden-desktop elementor-hidden-tablet elementor-widget elementor-widget-button\" data-id=\"5a6ee0a\" data-element_type=\"widget\" data-e-type=\"widget\" data-widget_type=\"button.default\">\n\t\t\t\t\t\t\t\t\t\t<a class=\"elementor-button elementor-button-link elementor-size-sm\" href=\"https:\/\/werkcentrumhelmonddepeel.nl\/ro\/contact\/\">\n\t\t\t\t\t\t<span class=\"elementor-button-content-wrapper\">\n\t\t\t\t\t\t\t\t\t<span class=\"elementor-button-text\">Contact<\/span>\n\t\t\t\t\t<\/span>\n\t\t\t\t\t<\/a>\n\t\t\t\t\t\t\t\t<\/div>\n\t\t\t\t<\/div>\n\t\t<div class=\"elementor-element elementor-element-47c92ae e-con-full e-flex e-con e-parent\" data-id=\"47c92ae\" data-element_type=\"container\" data-e-type=\"container\">\n\t\t<div class=\"elementor-element elementor-element-02e0dc8 e-con-full e-flex e-con e-child\" data-id=\"02e0dc8\" data-element_type=\"container\" data-e-type=\"container\">\n\t\t\t\t<div class=\"elementor-element elementor-element-920bc9c elementor-widget elementor-widget-image\" data-id=\"920bc9c\" data-element_type=\"widget\" data-e-type=\"widget\" data-widget_type=\"image.default\">\n\t\t\t\t\t\t\t\t\t\t\t\t\t\t\t<img fetchpriority=\"high\" decoding=\"async\" width=\"432\" height=\"486\" src=\"https:\/\/werkcentrumhelmonddepeel.nl\/wp-content\/uploads\/2025\/08\/Erik-Jansen.jpg\" class=\"attachment-large size-large wp-image-1090\" alt=\"Ghidul nostru Erik Jansen\" srcset=\"https:\/\/werkcentrumhelmonddepeel.nl\/wp-content\/uploads\/2025\/08\/Erik-Jansen.jpg 432w, https:\/\/werkcentrumhelmonddepeel.nl\/wp-content\/uploads\/2025\/08\/Erik-Jansen-267x300.jpg 267w\" sizes=\"(max-width: 432px) 100vw, 432px\" \/>\t\t\t\t\t\t\t\t\t\t\t\t\t\t\t<\/div>\n\t\t\t\t<div class=\"elementor-element elementor-element-f201ebe elementor-widget elementor-widget-heading\" data-id=\"f201ebe\" data-element_type=\"widget\" data-e-type=\"widget\" data-widget_type=\"heading.default\">\n\t\t\t\t\t<h2 class=\"elementor-heading-title elementor-size-default\">Erik Jansen<\/h2>\t\t\t\t<\/div>\n\t\t\t\t<\/div>\n\t\t<div class=\"elementor-element elementor-element-13fe418 e-con-full e-flex e-con e-child\" data-id=\"13fe418\" data-element_type=\"container\" data-e-type=\"container\">\n\t\t\t\t<div class=\"elementor-element elementor-element-ca76f6a elementor-widget elementor-widget-image\" data-id=\"ca76f6a\" data-element_type=\"widget\" data-e-type=\"widget\" data-widget_type=\"image.default\">\n\t\t\t\t\t\t\t\t\t\t\t\t\t\t\t<img decoding=\"async\" width=\"727\" height=\"686\" src=\"https:\/\/werkcentrumhelmonddepeel.nl\/wp-content\/uploads\/2025\/08\/Bieke-van-den-Bogaard-e1756287154123.jpg\" class=\"attachment-large size-large wp-image-1089\" alt=\"Ghidul nostru Bieke van den Bogaard\" srcset=\"https:\/\/werkcentrumhelmonddepeel.nl\/wp-content\/uploads\/2025\/08\/Bieke-van-den-Bogaard-e1756287154123.jpg 727w, https:\/\/werkcentrumhelmonddepeel.nl\/wp-content\/uploads\/2025\/08\/Bieke-van-den-Bogaard-e1756287154123-300x283.jpg 300w\" sizes=\"(max-width: 727px) 100vw, 727px\" \/>\t\t\t\t\t\t\t\t\t\t\t\t\t\t\t<\/div>\n\t\t\t\t<div class=\"elementor-element elementor-element-afbf5ce elementor-widget elementor-widget-heading\" data-id=\"afbf5ce\" data-element_type=\"widget\" data-e-type=\"widget\" data-widget_type=\"heading.default\">\n\t\t\t\t\t<h2 class=\"elementor-heading-title elementor-size-default\">Bieke van den Bogaard<\/h2>\t\t\t\t<\/div>\n\t\t\t\t<\/div>\n\t\t<div class=\"elementor-element elementor-element-1c2e173 e-con-full e-flex e-con e-child\" data-id=\"1c2e173\" data-element_type=\"container\" data-e-type=\"container\">\n\t\t\t\t<div class=\"elementor-element elementor-element-4f6d80c elementor-widget elementor-widget-image\" data-id=\"4f6d80c\" data-element_type=\"widget\" data-e-type=\"widget\" data-widget_type=\"image.default\">\n\t\t\t\t\t\t\t\t\t\t\t\t\t\t\t<img decoding=\"async\" width=\"510\" height=\"513\" src=\"https:\/\/werkcentrumhelmonddepeel.nl\/wp-content\/uploads\/2025\/08\/Ilona-van-den-Heuvel-e1756286977976.jpg\" class=\"attachment-large size-large wp-image-1088\" alt=\"Ghidul nostru Ilona van den Heuvel\" srcset=\"https:\/\/werkcentrumhelmonddepeel.nl\/wp-content\/uploads\/2025\/08\/Ilona-van-den-Heuvel-e1756286977976.jpg 510w, https:\/\/werkcentrumhelmonddepeel.nl\/wp-content\/uploads\/2025\/08\/Ilona-van-den-Heuvel-e1756286977976-298x300.jpg 298w, https:\/\/werkcentrumhelmonddepeel.nl\/wp-content\/uploads\/2025\/08\/Ilona-van-den-Heuvel-e1756286977976-150x150.jpg 150w\" sizes=\"(max-width: 510px) 100vw, 510px\" \/>\t\t\t\t\t\t\t\t\t\t\t\t\t\t\t<\/div>\n\t\t\t\t<div class=\"elementor-element elementor-element-2ce900c elementor-widget elementor-widget-heading\" data-id=\"2ce900c\" data-element_type=\"widget\" data-e-type=\"widget\" data-widget_type=\"heading.default\">\n\t\t\t\t\t<h2 class=\"elementor-heading-title elementor-size-default\">Ilona van den Heuvel<\/h2>\t\t\t\t<\/div>\n\t\t\t\t<\/div>\n\t\t<div class=\"elementor-element elementor-element-eab5e19 e-con-full e-flex e-con e-child\" data-id=\"eab5e19\" data-element_type=\"container\" data-e-type=\"container\">\n\t\t\t\t<div class=\"elementor-element elementor-element-d0ea2f1 elementor-widget elementor-widget-image\" data-id=\"d0ea2f1\" data-element_type=\"widget\" data-e-type=\"widget\" data-widget_type=\"image.default\">\n\t\t\t\t\t\t\t\t\t\t\t\t\t\t\t<img loading=\"lazy\" decoding=\"async\" width=\"800\" height=\"617\" src=\"https:\/\/werkcentrumhelmonddepeel.nl\/wp-content\/uploads\/2025\/08\/Rachida-Amarir-e1756287056213.jpg\" class=\"attachment-large size-large wp-image-1087\" alt=\"Ghidul nostru Rachida Amarir\" srcset=\"https:\/\/werkcentrumhelmonddepeel.nl\/wp-content\/uploads\/2025\/08\/Rachida-Amarir-e1756287056213.jpg 916w, https:\/\/werkcentrumhelmonddepeel.nl\/wp-content\/uploads\/2025\/08\/Rachida-Amarir-e1756287056213-300x232.jpg 300w, https:\/\/werkcentrumhelmonddepeel.nl\/wp-content\/uploads\/2025\/08\/Rachida-Amarir-e1756287056213-768x593.jpg 768w\" sizes=\"(max-width: 800px) 100vw, 800px\" \/>\t\t\t\t\t\t\t\t\t\t\t\t\t\t\t<\/div>\n\t\t\t\t<div class=\"elementor-element elementor-element-a522873 elementor-widget elementor-widget-heading\" data-id=\"a522873\" data-element_type=\"widget\" data-e-type=\"widget\" data-widget_type=\"heading.default\">\n\t\t\t\t\t<h2 class=\"elementor-heading-title elementor-size-default\">Rachida Amarir<\/h2>\t\t\t\t<\/div>\n\t\t\t\t<\/div>\n\t\t<div class=\"elementor-element elementor-element-4da0904 e-con-full e-flex e-con e-child\" data-id=\"4da0904\" data-element_type=\"container\" data-e-type=\"container\">\n\t\t\t\t<\/div>\n\t\t\t\t<\/div>\n\t\t\t\t<\/div>","protected":false},"excerpt":{"rendered":"<p>Onze gidsen Contact Het Werkcentrum is een netwerkorganisatie van verschillende samenwerkingspartners uit de arbeidsmarktregio Helmond-De Peel. Professionals van deze partners staan je als gids graag te woord.\u00a0 Contact Erik Jansen Bieke van den Bogaard Ilona van den Heuvel Rachida Amarir<\/p>","protected":false},"author":1,"featured_media":1622,"parent":0,"menu_order":0,"comment_status":"closed","ping_status":"closed","template":"","meta":{"footnotes":""},"class_list":["post-1073","page","type-page","status-publish","has-post-thumbnail","hentry"],"yoast_head":"<!-- This site is optimized with the Yoast SEO plugin v27.4 - https:\/\/yoast.com\/product\/yoast-seo-wordpress\/ -->\n<title>Onze gidsen \u2013 ontmoet onze loopbaanpartners!<\/title>\n<meta name=\"description\" content=\"Maak kennis met de deskundige gidsen van Werkcentrum Helmond-De Peel: professionals die je begeleiden bij werk, scholing of personeel.\" \/>\n<meta name=\"robots\" content=\"index, follow, max-snippet:-1, max-image-preview:large, max-video-preview:-1\" \/>\n<link rel=\"canonical\" href=\"https:\/\/werkcentrumhelmonddepeel.nl\/ro\/ghizii-nostri\/\" \/>\n<meta property=\"og:locale\" content=\"ro_RO\" \/>\n<meta property=\"og:type\" content=\"article\" \/>\n<meta property=\"og:title\" content=\"Onze gidsen \u2013 ontmoet onze loopbaanpartners!\" \/>\n<meta property=\"og:description\" content=\"Maak kennis met de deskundige gidsen van Werkcentrum Helmond-De Peel: professionals die je begeleiden bij werk, scholing of personeel.\" \/>\n<meta property=\"og:url\" content=\"https:\/\/werkcentrumhelmonddepeel.nl\/ro\/ghizii-nostri\/\" \/>\n<meta property=\"og:site_name\" content=\"Werkcentrum Helmond de Peel\" \/>\n<meta property=\"article:modified_time\" content=\"2026-01-13T10:29:50+00:00\" \/>\n<meta property=\"og:image\" content=\"https:\/\/werkcentrumhelmonddepeel.nl\/wp-content\/uploads\/2025\/08\/groep-gesprek-tafel.webp\" \/>\n\t<meta property=\"og:image:width\" content=\"1600\" \/>\n\t<meta property=\"og:image:height\" content=\"1067\" \/>\n\t<meta property=\"og:image:type\" content=\"image\/webp\" \/>\n<meta name=\"twitter:card\" content=\"summary_large_image\" \/>\n<meta name=\"twitter:label1\" content=\"Timp estimat pentru citire\" \/>\n\t<meta name=\"twitter:data1\" content=\"1 minut\" \/>\n<script type=\"application\/ld+json\" class=\"yoast-schema-graph\">{\"@context\":\"https:\\\/\\\/schema.org\",\"@graph\":[{\"@type\":\"WebPage\",\"@id\":\"https:\\\/\\\/werkcentrumhelmonddepeel.nl\\\/onze-gidsen\\\/\",\"url\":\"https:\\\/\\\/werkcentrumhelmonddepeel.nl\\\/onze-gidsen\\\/\",\"name\":\"Onze gidsen \u2013 ontmoet onze loopbaanpartners!\",\"isPartOf\":{\"@id\":\"https:\\\/\\\/werkcentrumhelmonddepeel.nl\\\/#website\"},\"primaryImageOfPage\":{\"@id\":\"https:\\\/\\\/werkcentrumhelmonddepeel.nl\\\/onze-gidsen\\\/#primaryimage\"},\"image\":{\"@id\":\"https:\\\/\\\/werkcentrumhelmonddepeel.nl\\\/onze-gidsen\\\/#primaryimage\"},\"thumbnailUrl\":\"https:\\\/\\\/werkcentrumhelmonddepeel.nl\\\/wp-content\\\/uploads\\\/2025\\\/08\\\/groep-gesprek-tafel.webp\",\"datePublished\":\"2025-08-27T07:53:24+00:00\",\"dateModified\":\"2026-01-13T10:29:50+00:00\",\"description\":\"Maak kennis met de deskundige gidsen van Werkcentrum Helmond-De Peel: professionals die je begeleiden bij werk, scholing of personeel.\",\"breadcrumb\":{\"@id\":\"https:\\\/\\\/werkcentrumhelmonddepeel.nl\\\/onze-gidsen\\\/#breadcrumb\"},\"inLanguage\":\"ro-RO\",\"potentialAction\":[{\"@type\":\"ReadAction\",\"target\":[\"https:\\\/\\\/werkcentrumhelmonddepeel.nl\\\/onze-gidsen\\\/\"]}]},{\"@type\":\"ImageObject\",\"inLanguage\":\"ro-RO\",\"@id\":\"https:\\\/\\\/werkcentrumhelmonddepeel.nl\\\/onze-gidsen\\\/#primaryimage\",\"url\":\"https:\\\/\\\/werkcentrumhelmonddepeel.nl\\\/wp-content\\\/uploads\\\/2025\\\/08\\\/groep-gesprek-tafel.webp\",\"contentUrl\":\"https:\\\/\\\/werkcentrumhelmonddepeel.nl\\\/wp-content\\\/uploads\\\/2025\\\/08\\\/groep-gesprek-tafel.webp\",\"width\":1600,\"height\":1067,\"caption\":\"Vier personen in gesprek aan tafel\"},{\"@type\":\"BreadcrumbList\",\"@id\":\"https:\\\/\\\/werkcentrumhelmonddepeel.nl\\\/onze-gidsen\\\/#breadcrumb\",\"itemListElement\":[{\"@type\":\"ListItem\",\"position\":1,\"name\":\"Home\",\"item\":\"https:\\\/\\\/werkcentrumhelmonddepeel.nl\\\/\"},{\"@type\":\"ListItem\",\"position\":2,\"name\":\"Onze gidsen\"}]},{\"@type\":\"WebSite\",\"@id\":\"https:\\\/\\\/werkcentrumhelmonddepeel.nl\\\/#website\",\"url\":\"https:\\\/\\\/werkcentrumhelmonddepeel.nl\\\/\",\"name\":\"Werkcentrum Helmond de Peel\",\"description\":\"...en je kunt weer vooruit\",\"publisher\":{\"@id\":\"https:\\\/\\\/werkcentrumhelmonddepeel.nl\\\/#organization\"},\"potentialAction\":[{\"@type\":\"SearchAction\",\"target\":{\"@type\":\"EntryPoint\",\"urlTemplate\":\"https:\\\/\\\/werkcentrumhelmonddepeel.nl\\\/?s={search_term_string}\"},\"query-input\":{\"@type\":\"PropertyValueSpecification\",\"valueRequired\":true,\"valueName\":\"search_term_string\"}}],\"inLanguage\":\"ro-RO\"},{\"@type\":\"Organization\",\"@id\":\"https:\\\/\\\/werkcentrumhelmonddepeel.nl\\\/#organization\",\"name\":\"Werkcentrum Helmond de Peel\",\"url\":\"https:\\\/\\\/werkcentrumhelmonddepeel.nl\\\/\",\"logo\":{\"@type\":\"ImageObject\",\"inLanguage\":\"ro-RO\",\"@id\":\"https:\\\/\\\/werkcentrumhelmonddepeel.nl\\\/#\\\/schema\\\/logo\\\/image\\\/\",\"url\":\"https:\\\/\\\/werkcentrumhelmonddepeel.nl\\\/wp-content\\\/uploads\\\/2025\\\/08\\\/Regio-logo-RGB-Helmond-De-Peel.svg\",\"contentUrl\":\"https:\\\/\\\/werkcentrumhelmonddepeel.nl\\\/wp-content\\\/uploads\\\/2025\\\/08\\\/Regio-logo-RGB-Helmond-De-Peel.svg\",\"width\":156,\"height\":43,\"caption\":\"Werkcentrum Helmond de Peel\"},\"image\":{\"@id\":\"https:\\\/\\\/werkcentrumhelmonddepeel.nl\\\/#\\\/schema\\\/logo\\\/image\\\/\"}}]}<\/script>\n<!-- \/ Yoast SEO plugin. -->","yoast_head_json":{"title":"Ghizii no\u0219tri - face\u021bi cuno\u0219tin\u021b\u0103 cu partenerii no\u0219tri de carier\u0103!","description":"Face\u021bi cuno\u0219tin\u021b\u0103 cu ghizii exper\u021bi ai Werkcentrum Helmond-De Peel: profesioni\u0219ti care v\u0103 vor ghida prin munc\u0103, formare sau personal.","robots":{"index":"index","follow":"follow","max-snippet":"max-snippet:-1","max-image-preview":"max-image-preview:large","max-video-preview":"max-video-preview:-1"},"canonical":"https:\/\/werkcentrumhelmonddepeel.nl\/ro\/ghizii-nostri\/","og_locale":"ro_RO","og_type":"article","og_title":"Onze gidsen \u2013 ontmoet onze loopbaanpartners!","og_description":"Maak kennis met de deskundige gidsen van Werkcentrum Helmond-De Peel: professionals die je begeleiden bij werk, scholing of personeel.","og_url":"https:\/\/werkcentrumhelmonddepeel.nl\/ro\/ghizii-nostri\/","og_site_name":"Werkcentrum Helmond de Peel","article_modified_time":"2026-01-13T10:29:50+00:00","og_image":[{"width":1600,"height":1067,"url":"https:\/\/werkcentrumhelmonddepeel.nl\/wp-content\/uploads\/2025\/08\/groep-gesprek-tafel.webp","type":"image\/webp"}],"twitter_card":"summary_large_image","twitter_misc":{"Timp estimat pentru citire":"1 minut"},"schema":{"@context":"https:\/\/schema.org","@graph":[{"@type":"WebPage","@id":"https:\/\/werkcentrumhelmonddepeel.nl\/onze-gidsen\/","url":"https:\/\/werkcentrumhelmonddepeel.nl\/onze-gidsen\/","name":"Ghizii no\u0219tri - face\u021bi cuno\u0219tin\u021b\u0103 cu partenerii no\u0219tri de carier\u0103!","isPartOf":{"@id":"https:\/\/werkcentrumhelmonddepeel.nl\/#website"},"primaryImageOfPage":{"@id":"https:\/\/werkcentrumhelmonddepeel.nl\/onze-gidsen\/#primaryimage"},"image":{"@id":"https:\/\/werkcentrumhelmonddepeel.nl\/onze-gidsen\/#primaryimage"},"thumbnailUrl":"https:\/\/werkcentrumhelmonddepeel.nl\/wp-content\/uploads\/2025\/08\/groep-gesprek-tafel.webp","datePublished":"2025-08-27T07:53:24+00:00","dateModified":"2026-01-13T10:29:50+00:00","description":"Face\u021bi cuno\u0219tin\u021b\u0103 cu ghizii exper\u021bi ai Werkcentrum Helmond-De Peel: profesioni\u0219ti care v\u0103 vor ghida prin munc\u0103, formare sau personal.","breadcrumb":{"@id":"https:\/\/werkcentrumhelmonddepeel.nl\/onze-gidsen\/#breadcrumb"},"inLanguage":"ro-RO","potentialAction":[{"@type":"ReadAction","target":["https:\/\/werkcentrumhelmonddepeel.nl\/onze-gidsen\/"]}]},{"@type":"ImageObject","inLanguage":"ro-RO","@id":"https:\/\/werkcentrumhelmonddepeel.nl\/onze-gidsen\/#primaryimage","url":"https:\/\/werkcentrumhelmonddepeel.nl\/wp-content\/uploads\/2025\/08\/groep-gesprek-tafel.webp","contentUrl":"https:\/\/werkcentrumhelmonddepeel.nl\/wp-content\/uploads\/2025\/08\/groep-gesprek-tafel.webp","width":1600,"height":1067,"caption":"Vier personen in gesprek aan tafel"},{"@type":"BreadcrumbList","@id":"https:\/\/werkcentrumhelmonddepeel.nl\/onze-gidsen\/#breadcrumb","itemListElement":[{"@type":"ListItem","position":1,"name":"Home","item":"https:\/\/werkcentrumhelmonddepeel.nl\/"},{"@type":"ListItem","position":2,"name":"Onze gidsen"}]},{"@type":"WebSite","@id":"https:\/\/werkcentrumhelmonddepeel.nl\/#website","url":"https:\/\/werkcentrumhelmonddepeel.nl\/","name":"Centrul de lucru Helmond de Peel","description":"...\u0219i pute\u021bi merge din nou \u00eenainte","publisher":{"@id":"https:\/\/werkcentrumhelmonddepeel.nl\/#organization"},"potentialAction":[{"@type":"SearchAction","target":{"@type":"EntryPoint","urlTemplate":"https:\/\/werkcentrumhelmonddepeel.nl\/?s={search_term_string}"},"query-input":{"@type":"PropertyValueSpecification","valueRequired":true,"valueName":"search_term_string"}}],"inLanguage":"ro-RO"},{"@type":"Organization","@id":"https:\/\/werkcentrumhelmonddepeel.nl\/#organization","name":"Centrul de lucru Helmond de Peel","url":"https:\/\/werkcentrumhelmonddepeel.nl\/","logo":{"@type":"ImageObject","inLanguage":"ro-RO","@id":"https:\/\/werkcentrumhelmonddepeel.nl\/#\/schema\/logo\/image\/","url":"https:\/\/werkcentrumhelmonddepeel.nl\/wp-content\/uploads\/2025\/08\/Regio-logo-RGB-Helmond-De-Peel.svg","contentUrl":"https:\/\/werkcentrumhelmonddepeel.nl\/wp-content\/uploads\/2025\/08\/Regio-logo-RGB-Helmond-De-Peel.svg","width":156,"height":43,"caption":"Werkcentrum Helmond de Peel"},"image":{"@id":"https:\/\/werkcentrumhelmonddepeel.nl\/#\/schema\/logo\/image\/"}}]}},"_links":{"self":[{"href":"https:\/\/werkcentrumhelmonddepeel.nl\/ro\/wp-json\/wp\/v2\/pages\/1073","targetHints":{"allow":["GET"]}}],"collection":[{"href":"https:\/\/werkcentrumhelmonddepeel.nl\/ro\/wp-json\/wp\/v2\/pages"}],"about":[{"href":"https:\/\/werkcentrumhelmonddepeel.nl\/ro\/wp-json\/wp\/v2\/types\/page"}],"author":[{"embeddable":true,"href":"https:\/\/werkcentrumhelmonddepeel.nl\/ro\/wp-json\/wp\/v2\/users\/1"}],"replies":[{"embeddable":true,"href":"https:\/\/werkcentrumhelmonddepeel.nl\/ro\/wp-json\/wp\/v2\/comments?post=1073"}],"version-history":[{"count":43,"href":"https:\/\/werkcentrumhelmonddepeel.nl\/ro\/wp-json\/wp\/v2\/pages\/1073\/revisions"}],"predecessor-version":[{"id":2474,"href":"https:\/\/werkcentrumhelmonddepeel.nl\/ro\/wp-json\/wp\/v2\/pages\/1073\/revisions\/2474"}],"wp:featuredmedia":[{"embeddable":true,"href":"https:\/\/werkcentrumhelmonddepeel.nl\/ro\/wp-json\/wp\/v2\/media\/1622"}],"wp:attachment":[{"href":"https:\/\/werkcentrumhelmonddepeel.nl\/ro\/wp-json\/wp\/v2\/media?parent=1073"}],"curies":[{"name":"wp","href":"https:\/\/api.w.org\/{rel}","templated":true}]}}