{"id":1144,"date":"2025-08-27T09:13:13","date_gmt":"2025-08-27T09:13:13","guid":{"rendered":"https:\/\/werkcentrumhelmonddepeel.pimdigital.nl\/?page_id=1144"},"modified":"2026-03-12T16:03:01","modified_gmt":"2026-03-12T16:03:01","slug":"despre-centrul-de-lucru-helmond-de-peel","status":"publish","type":"page","link":"https:\/\/werkcentrumhelmonddepeel.nl\/ro\/over-werkcentrum-helmond-de-peel\/","title":{"rendered":"Despre Werkcentrum Helmond de Peel"},"content":{"rendered":"<div data-elementor-type=\"wp-page\" data-elementor-id=\"1144\" class=\"elementor elementor-1144\" data-elementor-post-type=\"page\">\n\t\t\t\t<div class=\"elementor-element elementor-element-4c888ca e-con-full e-flex e-con e-parent\" data-id=\"4c888ca\" data-element_type=\"container\" data-e-type=\"container\" data-settings=\"{&quot;background_background&quot;:&quot;classic&quot;}\">\n\t\t\t\t<div class=\"elementor-element elementor-element-8035460 elementor-widget elementor-widget-breadcrumbs\" data-id=\"8035460\" data-element_type=\"widget\" data-e-type=\"widget\" data-widget_type=\"breadcrumbs.default\">\n\t\t\t\t\t<p id=\"breadcrumbs\"><nav id=\"breadcrumbs\" aria-label=\"Miezul de p\u00e2ine\">\n              <ol class=\"breadcrumbs-list\"><li class=\"breadcrumb-item\"><span><span><a href=\"https:\/\/werkcentrumhelmonddepeel.nl\/\">Acas\u0103<\/a><\/span><\/span><\/li><\/ol>\n            <\/nav><\/p>\t\t\t\t<\/div>\n\t\t\t\t<\/div>\n\t\t<div class=\"elementor-element elementor-element-183cbc8 e-con-full e-flex e-con e-parent\" data-id=\"183cbc8\" data-element_type=\"container\" data-e-type=\"container\" data-settings=\"{&quot;background_background&quot;:&quot;classic&quot;}\">\n\t\t\t\t<div class=\"elementor-element elementor-element-4e6cf51 elementor-widget elementor-widget-heading\" data-id=\"4e6cf51\" data-element_type=\"widget\" data-e-type=\"widget\" data-widget_type=\"heading.default\">\n\t\t\t\t\t<h1 class=\"elementor-heading-title elementor-size-default\">Despre centrul de lucru Helmond-De Peel<\/h1>\t\t\t\t<\/div>\n\t\t\t\t<div class=\"elementor-element elementor-element-20adaae elementor-widget__width-auto elementor-hidden-mobile elementor-widget-divider--view-line elementor-widget elementor-widget-divider\" data-id=\"20adaae\" data-element_type=\"widget\" data-e-type=\"widget\" data-widget_type=\"divider.default\">\n\t\t\t\t\t\t\t<div class=\"elementor-divider\">\n\t\t\t<span class=\"elementor-divider-separator\">\n\t\t\t\t\t\t<\/span>\n\t\t<\/div>\n\t\t\t\t\t\t<\/div>\n\t\t\t\t<div class=\"elementor-element elementor-element-47c5705 elementor-hidden-mobile elementor-widget elementor-widget-button\" data-id=\"47c5705\" data-element_type=\"widget\" data-e-type=\"widget\" data-widget_type=\"button.default\">\n\t\t\t\t\t\t\t\t\t\t<a class=\"elementor-button elementor-button-link elementor-size-sm\" href=\"https:\/\/werkcentrumhelmonddepeel.nl\/ro\/contact\/\">\n\t\t\t\t\t\t<span class=\"elementor-button-content-wrapper\">\n\t\t\t\t\t\t\t\t\t<span class=\"elementor-button-text\">Contact<\/span>\n\t\t\t\t\t<\/span>\n\t\t\t\t\t<\/a>\n\t\t\t\t\t\t\t\t<\/div>\n\t\t\t\t<\/div>\n\t\t<div class=\"elementor-element elementor-element-db7ed6f e-con-full e-flex e-con e-parent\" data-id=\"db7ed6f\" data-element_type=\"container\" data-e-type=\"container\" data-settings=\"{&quot;background_background&quot;:&quot;classic&quot;}\">\n\t\t\t\t<div class=\"elementor-element elementor-element-3c94a40 elementor-widget__width-initial elementor-widget elementor-widget-text-editor\" data-id=\"3c94a40\" data-element_type=\"widget\" data-e-type=\"widget\" data-widget_type=\"text-editor.default\">\n\t\t\t\t\t\t\t\t\t<p>Centrul de lucru Helmond-De Peel este la dispozi\u021bia tuturor celor care au \u00eentreb\u0103ri legate de munc\u0103. Sunte\u021bi \u00een c\u0103utarea unui (nou) loc de munc\u0103? Dori\u021bi s\u0103 v\u0103 dezvolta\u021bi? Sau sunte\u021bi un angajator \u00een c\u0103utare de angaja\u021bi? V\u0103 punem \u00een leg\u0103tur\u0103 cu organiza\u021biile \u0219i informa\u021biile potrivite printr-un singur punct central. Online, prin intermediul site-ului nostru web sau offline, prin intermediul centrelor noastre de lucru.<\/p>\t\t\t\t\t\t\t\t<\/div>\n\t\t\t\t<div class=\"elementor-element elementor-element-6bd7aef elementor-hidden-desktop elementor-hidden-tablet elementor-widget elementor-widget-button\" data-id=\"6bd7aef\" data-element_type=\"widget\" data-e-type=\"widget\" data-widget_type=\"button.default\">\n\t\t\t\t\t\t\t\t\t\t<a class=\"elementor-button elementor-button-link elementor-size-sm\" href=\"https:\/\/werkcentrumhelmonddepeel.nl\/ro\/contact\/\">\n\t\t\t\t\t\t<span class=\"elementor-button-content-wrapper\">\n\t\t\t\t\t\t\t\t\t<span class=\"elementor-button-text\">Contact<\/span>\n\t\t\t\t\t<\/span>\n\t\t\t\t\t<\/a>\n\t\t\t\t\t\t\t\t<\/div>\n\t\t\t\t<\/div>\n\t\t<div class=\"elementor-element elementor-element-7e990f1 e-con-full e-flex e-con e-parent\" data-id=\"7e990f1\" data-element_type=\"container\" data-e-type=\"container\" id=\"main-content\">\n\t\t<div class=\"elementor-element elementor-element-1b0f2d5 e-con-full e-flex e-con e-child\" data-id=\"1b0f2d5\" data-element_type=\"container\" data-e-type=\"container\">\n\t\t\t\t<div class=\"elementor-element elementor-element-4ad5b50 elementor-widget elementor-widget-image\" data-id=\"4ad5b50\" data-element_type=\"widget\" data-e-type=\"widget\" data-widget_type=\"image.default\">\n\t\t\t\t\t\t\t\t\t\t\t\t\t\t\t<img fetchpriority=\"high\" decoding=\"async\" width=\"800\" height=\"600\" src=\"https:\/\/werkcentrumhelmonddepeel.nl\/wp-content\/uploads\/2025\/08\/gesprek-documenten-tafel-1024x768.webp\" class=\"attachment-large size-large wp-image-1644\" alt=\"Dou\u0103 persoane discut\u0103 documente la mas\u0103.\" srcset=\"https:\/\/werkcentrumhelmonddepeel.nl\/wp-content\/uploads\/2025\/08\/gesprek-documenten-tafel-1024x768.webp 1024w, https:\/\/werkcentrumhelmonddepeel.nl\/wp-content\/uploads\/2025\/08\/gesprek-documenten-tafel-300x225.webp 300w, https:\/\/werkcentrumhelmonddepeel.nl\/wp-content\/uploads\/2025\/08\/gesprek-documenten-tafel-768x576.webp 768w, https:\/\/werkcentrumhelmonddepeel.nl\/wp-content\/uploads\/2025\/08\/gesprek-documenten-tafel-1536x1152.webp 1536w, https:\/\/werkcentrumhelmonddepeel.nl\/wp-content\/uploads\/2025\/08\/gesprek-documenten-tafel-16x12.webp 16w, https:\/\/werkcentrumhelmonddepeel.nl\/wp-content\/uploads\/2025\/08\/gesprek-documenten-tafel.webp 1600w\" sizes=\"(max-width: 800px) 100vw, 800px\" \/>\t\t\t\t\t\t\t\t\t\t\t\t\t\t\t<\/div>\n\t\t\t\t<\/div>\n\t\t<div class=\"elementor-element elementor-element-8df6f3d e-con-full e-flex e-con e-child\" data-id=\"8df6f3d\" data-element_type=\"container\" data-e-type=\"container\">\n\t\t\t\t<div class=\"elementor-element elementor-element-51b888a elementor-widget elementor-widget-heading\" data-id=\"51b888a\" data-element_type=\"widget\" data-e-type=\"widget\" data-widget_type=\"heading.default\">\n\t\t\t\t\t<h2 class=\"elementor-heading-title elementor-size-default\">Privind \u00eempreun\u0103 la ceea ce vi se potrive\u0219te<\/h2>\t\t\t\t<\/div>\n\t\t\t\t<div class=\"elementor-element elementor-element-19b8398 elementor-widget-divider--view-line elementor-widget elementor-widget-divider\" data-id=\"19b8398\" data-element_type=\"widget\" data-e-type=\"widget\" data-widget_type=\"divider.default\">\n\t\t\t\t\t\t\t<div class=\"elementor-divider\">\n\t\t\t<span class=\"elementor-divider-separator\">\n\t\t\t\t\t\t<\/span>\n\t\t<\/div>\n\t\t\t\t\t\t<\/div>\n\t\t\t\t<div class=\"elementor-element elementor-element-60c5f45 elementor-widget elementor-widget-text-editor\" data-id=\"60c5f45\" data-element_type=\"widget\" data-e-type=\"widget\" data-widget_type=\"text-editor.default\">\n\t\t\t\t\t\t\t\t\t<p>Cu noi, v\u0103 pute\u021bi baza pe un contact personal, cu o aten\u021bie real\u0103 acordat\u0103 nevoilor \u0219i obiectivelor dumneavoastr\u0103. V\u0103 ascult\u0103m cu aten\u021bie povestea, analiz\u0103m \u00eempreun\u0103 ceea ce vi se potrive\u0219te \u0219i v\u0103 ar\u0103t\u0103m ce este posibil. Acesta este modul \u00een care v\u0103 ajut\u0103m pe dumneavoastr\u0103 sau compania dumneavoastr\u0103 s\u0103 merge\u021bi mai departe. Indiferent de \u00eentrebarea dvs. despre munc\u0103, sunte\u021bi binevenit la centrul de munc\u0103.<\/p>\t\t\t\t\t\t\t\t<\/div>\n\t\t\t\t<div class=\"elementor-element elementor-element-3f4ef3c elementor-widget elementor-widget-button\" data-id=\"3f4ef3c\" data-element_type=\"widget\" data-e-type=\"widget\" data-widget_type=\"button.default\">\n\t\t\t\t\t\t\t\t\t\t<a class=\"elementor-button elementor-button-link elementor-size-sm\" href=\"https:\/\/werkcentrumhelmonddepeel.nl\/ro\/contact\/\">\n\t\t\t\t\t\t<span class=\"elementor-button-content-wrapper\">\n\t\t\t\t\t\t\t\t\t<span class=\"elementor-button-text\">Contact<\/span>\n\t\t\t\t\t<\/span>\n\t\t\t\t\t<\/a>\n\t\t\t\t\t\t\t\t<\/div>\n\t\t\t\t<\/div>\n\t\t\t\t<\/div>\n\t\t\t\t<\/div>","protected":false},"excerpt":{"rendered":"<p>Over werkcentrum Helmond-De Peel Contact Het Werkcentrum Helmond-De Peel is er voor iedereen met vragen over werk. Ben je op zoek naar een (nieuwe) baan? Wil je jezelf ontwikkelen? Of ben je werkgever en ben je op zoek naar medewerkers? Wij brengen je in contact met de juiste organisaties en informatie via \u00e9\u00e9n centraal punt. [&hellip;]<\/p>\n","protected":false},"author":1,"featured_media":1644,"parent":0,"menu_order":0,"comment_status":"closed","ping_status":"closed","template":"","meta":{"footnotes":""},"class_list":["post-1144","page","type-page","status-publish","has-post-thumbnail","hentry"],"yoast_head":"<!-- This site is optimized with the Yoast SEO plugin v27.4 - https:\/\/yoast.com\/product\/yoast-seo-wordpress\/ -->\n<title>Over Werkcentrum Helmond-De Peel \u2013 jouw loket voor werk<\/title>\n<meta name=\"description\" content=\"Ontdek hoe Werkcentrum Helmond-De Peel inwoners en werkgevers helpt met advies over werk, scholing en personeel vanuit \u00e9\u00e9n centraal loket.\" \/>\n<meta name=\"robots\" content=\"index, follow, max-snippet:-1, max-image-preview:large, max-video-preview:-1\" \/>\n<link rel=\"canonical\" href=\"https:\/\/werkcentrumhelmonddepeel.nl\/ro\/despre-centrul-de-lucru-helmond-de-peel\/\" \/>\n<meta property=\"og:locale\" content=\"ro_RO\" \/>\n<meta property=\"og:type\" content=\"article\" \/>\n<meta property=\"og:title\" content=\"Over Werkcentrum Helmond-De Peel \u2013 jouw loket voor werk\" \/>\n<meta property=\"og:description\" content=\"Ontdek hoe Werkcentrum Helmond-De Peel inwoners en werkgevers helpt met advies over werk, scholing en personeel vanuit \u00e9\u00e9n centraal loket.\" \/>\n<meta property=\"og:url\" content=\"https:\/\/werkcentrumhelmonddepeel.nl\/ro\/despre-centrul-de-lucru-helmond-de-peel\/\" \/>\n<meta property=\"og:site_name\" content=\"Werkcentrum Helmond de Peel\" \/>\n<meta property=\"article:modified_time\" content=\"2026-03-12T16:03:01+00:00\" \/>\n<meta property=\"og:image\" content=\"https:\/\/werkcentrumhelmonddepeel.nl\/wp-content\/uploads\/2025\/08\/gesprek-documenten-tafel.webp\" \/>\n\t<meta property=\"og:image:width\" content=\"1600\" \/>\n\t<meta property=\"og:image:height\" content=\"1200\" \/>\n\t<meta property=\"og:image:type\" content=\"image\/webp\" \/>\n<meta name=\"twitter:card\" content=\"summary_large_image\" \/>\n<meta name=\"twitter:label1\" content=\"Timp estimat pentru citire\" \/>\n\t<meta name=\"twitter:data1\" content=\"1 minut\" \/>\n<script type=\"application\/ld+json\" class=\"yoast-schema-graph\">{\"@context\":\"https:\\\/\\\/schema.org\",\"@graph\":[{\"@type\":\"WebPage\",\"@id\":\"https:\\\/\\\/werkcentrumhelmonddepeel.nl\\\/over-werkcentrum-helmond-de-peel\\\/\",\"url\":\"https:\\\/\\\/werkcentrumhelmonddepeel.nl\\\/over-werkcentrum-helmond-de-peel\\\/\",\"name\":\"Over Werkcentrum Helmond-De Peel \u2013 jouw loket voor werk\",\"isPartOf\":{\"@id\":\"https:\\\/\\\/werkcentrumhelmonddepeel.nl\\\/#website\"},\"primaryImageOfPage\":{\"@id\":\"https:\\\/\\\/werkcentrumhelmonddepeel.nl\\\/over-werkcentrum-helmond-de-peel\\\/#primaryimage\"},\"image\":{\"@id\":\"https:\\\/\\\/werkcentrumhelmonddepeel.nl\\\/over-werkcentrum-helmond-de-peel\\\/#primaryimage\"},\"thumbnailUrl\":\"https:\\\/\\\/werkcentrumhelmonddepeel.nl\\\/wp-content\\\/uploads\\\/2025\\\/08\\\/gesprek-documenten-tafel.webp\",\"datePublished\":\"2025-08-27T09:13:13+00:00\",\"dateModified\":\"2026-03-12T16:03:01+00:00\",\"description\":\"Ontdek hoe Werkcentrum Helmond-De Peel inwoners en werkgevers helpt met advies over werk, scholing en personeel vanuit \u00e9\u00e9n centraal loket.\",\"breadcrumb\":{\"@id\":\"https:\\\/\\\/werkcentrumhelmonddepeel.nl\\\/over-werkcentrum-helmond-de-peel\\\/#breadcrumb\"},\"inLanguage\":\"ro-RO\",\"potentialAction\":[{\"@type\":\"ReadAction\",\"target\":[\"https:\\\/\\\/werkcentrumhelmonddepeel.nl\\\/over-werkcentrum-helmond-de-peel\\\/\"]}]},{\"@type\":\"ImageObject\",\"inLanguage\":\"ro-RO\",\"@id\":\"https:\\\/\\\/werkcentrumhelmonddepeel.nl\\\/over-werkcentrum-helmond-de-peel\\\/#primaryimage\",\"url\":\"https:\\\/\\\/werkcentrumhelmonddepeel.nl\\\/wp-content\\\/uploads\\\/2025\\\/08\\\/gesprek-documenten-tafel.webp\",\"contentUrl\":\"https:\\\/\\\/werkcentrumhelmonddepeel.nl\\\/wp-content\\\/uploads\\\/2025\\\/08\\\/gesprek-documenten-tafel.webp\",\"width\":1600,\"height\":1200,\"caption\":\"Twee personen bespreken documenten aan tafel.\"},{\"@type\":\"BreadcrumbList\",\"@id\":\"https:\\\/\\\/werkcentrumhelmonddepeel.nl\\\/over-werkcentrum-helmond-de-peel\\\/#breadcrumb\",\"itemListElement\":[{\"@type\":\"ListItem\",\"position\":1,\"name\":\"Home\",\"item\":\"https:\\\/\\\/werkcentrumhelmonddepeel.nl\\\/\"},{\"@type\":\"ListItem\",\"position\":2,\"name\":\"Over Werkcentrum Helmond de Peel\"}]},{\"@type\":\"WebSite\",\"@id\":\"https:\\\/\\\/werkcentrumhelmonddepeel.nl\\\/#website\",\"url\":\"https:\\\/\\\/werkcentrumhelmonddepeel.nl\\\/\",\"name\":\"Werkcentrum Helmond de Peel\",\"description\":\"...en je kunt weer vooruit\",\"publisher\":{\"@id\":\"https:\\\/\\\/werkcentrumhelmonddepeel.nl\\\/#organization\"},\"potentialAction\":[{\"@type\":\"SearchAction\",\"target\":{\"@type\":\"EntryPoint\",\"urlTemplate\":\"https:\\\/\\\/werkcentrumhelmonddepeel.nl\\\/?s={search_term_string}\"},\"query-input\":{\"@type\":\"PropertyValueSpecification\",\"valueRequired\":true,\"valueName\":\"search_term_string\"}}],\"inLanguage\":\"ro-RO\"},{\"@type\":\"Organization\",\"@id\":\"https:\\\/\\\/werkcentrumhelmonddepeel.nl\\\/#organization\",\"name\":\"Werkcentrum Helmond de Peel\",\"url\":\"https:\\\/\\\/werkcentrumhelmonddepeel.nl\\\/\",\"logo\":{\"@type\":\"ImageObject\",\"inLanguage\":\"ro-RO\",\"@id\":\"https:\\\/\\\/werkcentrumhelmonddepeel.nl\\\/#\\\/schema\\\/logo\\\/image\\\/\",\"url\":\"https:\\\/\\\/werkcentrumhelmonddepeel.nl\\\/wp-content\\\/uploads\\\/2025\\\/08\\\/Regio-logo-RGB-Helmond-De-Peel.svg\",\"contentUrl\":\"https:\\\/\\\/werkcentrumhelmonddepeel.nl\\\/wp-content\\\/uploads\\\/2025\\\/08\\\/Regio-logo-RGB-Helmond-De-Peel.svg\",\"width\":156,\"height\":43,\"caption\":\"Werkcentrum Helmond de Peel\"},\"image\":{\"@id\":\"https:\\\/\\\/werkcentrumhelmonddepeel.nl\\\/#\\\/schema\\\/logo\\\/image\\\/\"}}]}<\/script>\n<!-- \/ Yoast SEO plugin. -->","yoast_head_json":{"title":"Despre Werkcentrum Helmond-De Peel - biroul dvs. pentru munc\u0103","description":"Afla\u021bi cum Werkcentrum Helmond-De Peel ajut\u0103 reziden\u021bii \u0219i angajatorii cu sfaturi privind munca, formarea \u0219i angajarea de personal de la un birou central.","robots":{"index":"index","follow":"follow","max-snippet":"max-snippet:-1","max-image-preview":"max-image-preview:large","max-video-preview":"max-video-preview:-1"},"canonical":"https:\/\/werkcentrumhelmonddepeel.nl\/ro\/despre-centrul-de-lucru-helmond-de-peel\/","og_locale":"ro_RO","og_type":"article","og_title":"Over Werkcentrum Helmond-De Peel \u2013 jouw loket voor werk","og_description":"Ontdek hoe Werkcentrum Helmond-De Peel inwoners en werkgevers helpt met advies over werk, scholing en personeel vanuit \u00e9\u00e9n centraal loket.","og_url":"https:\/\/werkcentrumhelmonddepeel.nl\/ro\/despre-centrul-de-lucru-helmond-de-peel\/","og_site_name":"Werkcentrum Helmond de Peel","article_modified_time":"2026-03-12T16:03:01+00:00","og_image":[{"width":1600,"height":1200,"url":"https:\/\/werkcentrumhelmonddepeel.nl\/wp-content\/uploads\/2025\/08\/gesprek-documenten-tafel.webp","type":"image\/webp"}],"twitter_card":"summary_large_image","twitter_misc":{"Timp estimat pentru citire":"1 minut"},"schema":{"@context":"https:\/\/schema.org","@graph":[{"@type":"WebPage","@id":"https:\/\/werkcentrumhelmonddepeel.nl\/over-werkcentrum-helmond-de-peel\/","url":"https:\/\/werkcentrumhelmonddepeel.nl\/over-werkcentrum-helmond-de-peel\/","name":"Despre Werkcentrum Helmond-De Peel - biroul dvs. pentru munc\u0103","isPartOf":{"@id":"https:\/\/werkcentrumhelmonddepeel.nl\/#website"},"primaryImageOfPage":{"@id":"https:\/\/werkcentrumhelmonddepeel.nl\/over-werkcentrum-helmond-de-peel\/#primaryimage"},"image":{"@id":"https:\/\/werkcentrumhelmonddepeel.nl\/over-werkcentrum-helmond-de-peel\/#primaryimage"},"thumbnailUrl":"https:\/\/werkcentrumhelmonddepeel.nl\/wp-content\/uploads\/2025\/08\/gesprek-documenten-tafel.webp","datePublished":"2025-08-27T09:13:13+00:00","dateModified":"2026-03-12T16:03:01+00:00","description":"Afla\u021bi cum Werkcentrum Helmond-De Peel ajut\u0103 reziden\u021bii \u0219i angajatorii cu sfaturi privind munca, formarea \u0219i angajarea de personal de la un birou central.","breadcrumb":{"@id":"https:\/\/werkcentrumhelmonddepeel.nl\/over-werkcentrum-helmond-de-peel\/#breadcrumb"},"inLanguage":"ro-RO","potentialAction":[{"@type":"ReadAction","target":["https:\/\/werkcentrumhelmonddepeel.nl\/over-werkcentrum-helmond-de-peel\/"]}]},{"@type":"ImageObject","inLanguage":"ro-RO","@id":"https:\/\/werkcentrumhelmonddepeel.nl\/over-werkcentrum-helmond-de-peel\/#primaryimage","url":"https:\/\/werkcentrumhelmonddepeel.nl\/wp-content\/uploads\/2025\/08\/gesprek-documenten-tafel.webp","contentUrl":"https:\/\/werkcentrumhelmonddepeel.nl\/wp-content\/uploads\/2025\/08\/gesprek-documenten-tafel.webp","width":1600,"height":1200,"caption":"Twee personen bespreken documenten aan tafel."},{"@type":"BreadcrumbList","@id":"https:\/\/werkcentrumhelmonddepeel.nl\/over-werkcentrum-helmond-de-peel\/#breadcrumb","itemListElement":[{"@type":"ListItem","position":1,"name":"Home","item":"https:\/\/werkcentrumhelmonddepeel.nl\/"},{"@type":"ListItem","position":2,"name":"Over Werkcentrum Helmond de Peel"}]},{"@type":"WebSite","@id":"https:\/\/werkcentrumhelmonddepeel.nl\/#website","url":"https:\/\/werkcentrumhelmonddepeel.nl\/","name":"Centrul de lucru Helmond de Peel","description":"...\u0219i pute\u021bi merge din nou \u00eenainte","publisher":{"@id":"https:\/\/werkcentrumhelmonddepeel.nl\/#organization"},"potentialAction":[{"@type":"SearchAction","target":{"@type":"EntryPoint","urlTemplate":"https:\/\/werkcentrumhelmonddepeel.nl\/?s={search_term_string}"},"query-input":{"@type":"PropertyValueSpecification","valueRequired":true,"valueName":"search_term_string"}}],"inLanguage":"ro-RO"},{"@type":"Organization","@id":"https:\/\/werkcentrumhelmonddepeel.nl\/#organization","name":"Centrul de lucru Helmond de Peel","url":"https:\/\/werkcentrumhelmonddepeel.nl\/","logo":{"@type":"ImageObject","inLanguage":"ro-RO","@id":"https:\/\/werkcentrumhelmonddepeel.nl\/#\/schema\/logo\/image\/","url":"https:\/\/werkcentrumhelmonddepeel.nl\/wp-content\/uploads\/2025\/08\/Regio-logo-RGB-Helmond-De-Peel.svg","contentUrl":"https:\/\/werkcentrumhelmonddepeel.nl\/wp-content\/uploads\/2025\/08\/Regio-logo-RGB-Helmond-De-Peel.svg","width":156,"height":43,"caption":"Werkcentrum Helmond de Peel"},"image":{"@id":"https:\/\/werkcentrumhelmonddepeel.nl\/#\/schema\/logo\/image\/"}}]}},"_links":{"self":[{"href":"https:\/\/werkcentrumhelmonddepeel.nl\/ro\/wp-json\/wp\/v2\/pages\/1144","targetHints":{"allow":["GET"]}}],"collection":[{"href":"https:\/\/werkcentrumhelmonddepeel.nl\/ro\/wp-json\/wp\/v2\/pages"}],"about":[{"href":"https:\/\/werkcentrumhelmonddepeel.nl\/ro\/wp-json\/wp\/v2\/types\/page"}],"author":[{"embeddable":true,"href":"https:\/\/werkcentrumhelmonddepeel.nl\/ro\/wp-json\/wp\/v2\/users\/1"}],"replies":[{"embeddable":true,"href":"https:\/\/werkcentrumhelmonddepeel.nl\/ro\/wp-json\/wp\/v2\/comments?post=1144"}],"version-history":[{"count":33,"href":"https:\/\/werkcentrumhelmonddepeel.nl\/ro\/wp-json\/wp\/v2\/pages\/1144\/revisions"}],"predecessor-version":[{"id":2799,"href":"https:\/\/werkcentrumhelmonddepeel.nl\/ro\/wp-json\/wp\/v2\/pages\/1144\/revisions\/2799"}],"wp:featuredmedia":[{"embeddable":true,"href":"https:\/\/werkcentrumhelmonddepeel.nl\/ro\/wp-json\/wp\/v2\/media\/1644"}],"wp:attachment":[{"href":"https:\/\/werkcentrumhelmonddepeel.nl\/ro\/wp-json\/wp\/v2\/media?parent=1144"}],"curies":[{"name":"wp","href":"https:\/\/api.w.org\/{rel}","templated":true}]}}