{"id":316,"date":"2025-08-21T12:25:33","date_gmt":"2025-08-21T12:25:33","guid":{"rendered":"https:\/\/werkcentrumhelmonddepeel.pimdigital.nl\/?page_id=316"},"modified":"2026-05-13T10:06:26","modified_gmt":"2026-05-13T10:06:26","slug":"contact","status":"publish","type":"page","link":"https:\/\/werkcentrumhelmonddepeel.nl\/ro\/contact\/","title":{"rendered":"Contact"},"content":{"rendered":"<div data-elementor-type=\"wp-page\" data-elementor-id=\"316\" class=\"elementor elementor-316\" data-elementor-post-type=\"page\">\n\t\t\t\t<div class=\"elementor-element elementor-element-6a4e431 e-con-full e-flex e-con e-parent\" data-id=\"6a4e431\" data-element_type=\"container\" data-e-type=\"container\" data-settings=\"{&quot;background_background&quot;:&quot;classic&quot;}\">\n\t\t\t\t<div class=\"elementor-element elementor-element-b04d01b elementor-widget elementor-widget-breadcrumbs\" data-id=\"b04d01b\" data-element_type=\"widget\" data-e-type=\"widget\" data-widget_type=\"breadcrumbs.default\">\n\t\t\t\t\t<p id=\"breadcrumbs\"><nav id=\"breadcrumbs\" aria-label=\"Miezul de p\u00e2ine\">\n              <ol class=\"breadcrumbs-list\"><li class=\"breadcrumb-item\"><span><span><a href=\"https:\/\/werkcentrumhelmonddepeel.nl\/\">Acas\u0103<\/a><\/span><\/span><\/li><\/ol>\n            <\/nav><\/p>\t\t\t\t<\/div>\n\t\t<div class=\"elementor-element elementor-element-a0d8df1 e-con-full e-flex e-con e-child\" data-id=\"a0d8df1\" data-element_type=\"container\" data-e-type=\"container\">\n\t\t\t\t<div class=\"elementor-element elementor-element-aa832c0 elementor-widget elementor-widget-heading\" data-id=\"aa832c0\" data-element_type=\"widget\" data-e-type=\"widget\" data-widget_type=\"heading.default\">\n\t\t\t\t\t<h1 class=\"elementor-heading-title elementor-size-default\">Cum v\u0103 putem ajuta?<\/h1>\t\t\t\t<\/div>\n\t\t\t\t<div class=\"elementor-element elementor-element-e27f4bd elementor-widget__width-auto elementor-widget-divider--view-line elementor-widget elementor-widget-divider\" data-id=\"e27f4bd\" data-element_type=\"widget\" data-e-type=\"widget\" data-widget_type=\"divider.default\">\n\t\t\t\t\t\t\t<div class=\"elementor-divider\">\n\t\t\t<span class=\"elementor-divider-separator\">\n\t\t\t\t\t\t<\/span>\n\t\t<\/div>\n\t\t\t\t\t\t<\/div>\n\t\t\t\t<\/div>\n\t\t\t\t<\/div>\n\t\t<div class=\"elementor-element elementor-element-7be2cdc e-flex e-con-boxed e-con e-child\" data-id=\"7be2cdc\" data-element_type=\"container\" data-e-type=\"container\" id=\"main-content\">\n\t\t\t\t\t<div class=\"e-con-inner\">\n\t\t<div class=\"elementor-element elementor-element-902f2c1 e-con-full e-flex e-con e-child\" data-id=\"902f2c1\" data-element_type=\"container\" data-e-type=\"container\" data-settings=\"{&quot;background_background&quot;:&quot;classic&quot;}\">\n\t\t\t\t<div class=\"elementor-element elementor-element-c63bce5 elementor-widget elementor-widget-image\" data-id=\"c63bce5\" data-element_type=\"widget\" data-e-type=\"widget\" data-widget_type=\"image.default\">\n\t\t\t\t\t\t\t\t\t\t\t\t\t\t\t<img decoding=\"async\" width=\"77\" height=\"76\" src=\"https:\/\/werkcentrumhelmonddepeel.nl\/wp-content\/uploads\/2025\/08\/Whatsapp-icon.svg\" class=\"attachment-large size-large wp-image-227\" alt=\"\" \/>\t\t\t\t\t\t\t\t\t\t\t\t\t\t\t<\/div>\n\t\t\t\t<div class=\"elementor-element elementor-element-d55ecd2 elementor-widget elementor-widget-heading\" data-id=\"d55ecd2\" data-element_type=\"widget\" data-e-type=\"widget\" data-widget_type=\"heading.default\">\n\t\t\t\t\t<h2 class=\"elementor-heading-title elementor-size-default\">Apel <\/h2>\t\t\t\t<\/div>\n\t\t\t\t<div class=\"elementor-element elementor-element-44cbc2e elementor-widget__width-initial elementor-widget elementor-widget-text-editor\" data-id=\"44cbc2e\" data-element_type=\"widget\" data-e-type=\"widget\" data-widget_type=\"text-editor.default\">\n\t\t\t\t\t\t\t\t\t<p>De asemenea, ne pute\u021bi contacta prin telefon la <a href=\"tel:0492799523\">0492 - 799 523<\/a>.<\/p>\t\t\t\t\t\t\t\t<\/div>\n\t\t\t\t<div class=\"elementor-element elementor-element-3faacd5 elementor-widget elementor-widget-button\" data-id=\"3faacd5\" data-element_type=\"widget\" data-e-type=\"widget\" data-widget_type=\"button.default\">\n\t\t\t\t\t\t\t\t\t\t<a class=\"elementor-button elementor-button-link elementor-size-sm\" href=\"tel:0492799523\">\n\t\t\t\t\t\t<span class=\"elementor-button-content-wrapper\">\n\t\t\t\t\t\t\t\t\t<span class=\"elementor-button-text\">Apel<\/span>\n\t\t\t\t\t<\/span>\n\t\t\t\t\t<\/a>\n\t\t\t\t\t\t\t\t<\/div>\n\t\t\t\t<\/div>\n\t\t<div class=\"elementor-element elementor-element-64f2a75 e-con-full e-flex e-con e-child\" data-id=\"64f2a75\" data-element_type=\"container\" data-e-type=\"container\" data-settings=\"{&quot;background_background&quot;:&quot;classic&quot;}\">\n\t\t\t\t<div class=\"elementor-element elementor-element-d96208b elementor-widget elementor-widget-image\" data-id=\"d96208b\" data-element_type=\"widget\" data-e-type=\"widget\" data-widget_type=\"image.default\">\n\t\t\t\t\t\t\t\t\t\t\t\t\t\t\t<img decoding=\"async\" width=\"76\" height=\"76\" src=\"https:\/\/werkcentrumhelmonddepeel.nl\/wp-content\/uploads\/2025\/08\/Contactformulier-icon.svg\" class=\"attachment-large size-large wp-image-228\" alt=\"\" \/>\t\t\t\t\t\t\t\t\t\t\t\t\t\t\t<\/div>\n\t\t\t\t<div class=\"elementor-element elementor-element-63297bb elementor-widget elementor-widget-heading\" data-id=\"63297bb\" data-element_type=\"widget\" data-e-type=\"widget\" data-widget_type=\"heading.default\">\n\t\t\t\t\t<h2 class=\"elementor-heading-title elementor-size-default\">Stabilirea unei \u00eent\u00e2lniri<\/h2>\t\t\t\t<\/div>\n\t\t\t\t<div class=\"elementor-element elementor-element-0caaaf6 elementor-widget__width-initial elementor-widget elementor-widget-text-editor\" data-id=\"0caaaf6\" data-element_type=\"widget\" data-e-type=\"widget\" data-widget_type=\"text-editor.default\">\n\t\t\t\t\t\t\t\t\t<p>Pentru a face o programare, v\u0103 rug\u0103m s\u0103 completa\u021bi formularul de contact. V\u0103 vom contacta c\u00e2t mai cur\u00e2nd posibil pentru a face o programare.<\/p>\t\t\t\t\t\t\t\t<\/div>\n\t\t\t\t<div class=\"elementor-element elementor-element-a212799 elementor-widget elementor-widget-button\" data-id=\"a212799\" data-element_type=\"widget\" data-e-type=\"widget\" data-widget_type=\"button.default\">\n\t\t\t\t\t\t\t\t\t\t<a class=\"elementor-button elementor-button-link elementor-size-sm\" href=\"https:\/\/werkcentrumhelmonddepeel.nl\/stel-je-vraag\/\">\n\t\t\t\t\t\t<span class=\"elementor-button-content-wrapper\">\n\t\t\t\t\t\t\t\t\t<span class=\"elementor-button-text\">Formular de contact<\/span>\n\t\t\t\t\t<\/span>\n\t\t\t\t\t<\/a>\n\t\t\t\t\t\t\t\t<\/div>\n\t\t\t\t<\/div>\n\t\t<div class=\"elementor-element elementor-element-2e6d6ba e-con-full e-flex e-con e-child\" data-id=\"2e6d6ba\" data-element_type=\"container\" data-e-type=\"container\" data-settings=\"{&quot;background_background&quot;:&quot;classic&quot;}\">\n\t\t\t\t<div class=\"elementor-element elementor-element-6334b02 elementor-widget elementor-widget-image\" data-id=\"6334b02\" data-element_type=\"widget\" data-e-type=\"widget\" data-widget_type=\"image.default\">\n\t\t\t\t\t\t\t\t\t\t\t\t\t\t\t<img decoding=\"async\" width=\"76\" height=\"76\" src=\"https:\/\/werkcentrumhelmonddepeel.nl\/wp-content\/uploads\/2025\/08\/klok-icon.svg\" class=\"attachment-large size-large wp-image-482\" alt=\"\" \/>\t\t\t\t\t\t\t\t\t\t\t\t\t\t\t<\/div>\n\t\t\t\t<div class=\"elementor-element elementor-element-d48d693 elementor-widget elementor-widget-heading\" data-id=\"d48d693\" data-element_type=\"widget\" data-e-type=\"widget\" data-widget_type=\"heading.default\">\n\t\t\t\t\t<h2 class=\"elementor-heading-title elementor-size-default\">Program de func\u021bionare<\/h2>\t\t\t\t<\/div>\n\t\t<div class=\"elementor-element elementor-element-27642ce e-con-full e-flex e-con e-child\" data-id=\"27642ce\" data-element_type=\"container\" data-e-type=\"container\">\n\t\t\t\t<div class=\"elementor-element elementor-element-e80a92b elementor-widget__width-initial elementor-widget elementor-widget-text-editor\" data-id=\"e80a92b\" data-element_type=\"widget\" data-e-type=\"widget\" data-widget_type=\"text-editor.default\">\n\t\t\t\t\t\t\t\t\t<p>Luni <br \/>Mar\u021bi<br \/>Miercuri<br \/>Joi<br \/>Vineri<br \/>S\u00e2mb\u0103t\u0103<br \/>Duminic\u0103<\/p>\t\t\t\t\t\t\t\t<\/div>\n\t\t\t\t<div class=\"elementor-element elementor-element-479010a elementor-widget__width-initial elementor-widget elementor-widget-text-editor\" data-id=\"479010a\" data-element_type=\"widget\" data-e-type=\"widget\" data-widget_type=\"text-editor.default\">\n\t\t\t\t\t\t\t\t\t<p>9:00 - 17:00<br \/>9:00 - 17:00<br \/>9:00 - 17:00<br \/>9:00 - 17:00<br \/>9:00 - 13:00<br \/>\u00cenchis<br \/>\u00cenchis<\/p>\t\t\t\t\t\t\t\t<\/div>\n\t\t\t\t<\/div>\n\t\t\t\t<\/div>\n\t\t\t\t\t<\/div>\n\t\t\t\t<\/div>\n\t\t<div class=\"elementor-element elementor-element-600c907 e-con-full e-flex e-con e-parent\" data-id=\"600c907\" data-element_type=\"container\" data-e-type=\"container\" id=\"contact\">\n\t\t\t\t<div class=\"elementor-element elementor-element-6c403b9 elementor-hidden-desktop elementor-hidden-tablet elementor-hidden-mobile elementor-widget elementor-widget-text-editor\" data-id=\"6c403b9\" data-element_type=\"widget\" data-e-type=\"widget\" data-widget_type=\"text-editor.default\">\n\t\t\t\t\t\t\t\t\t<p class=\"isSelectedEnd\">\u00cen perioada aceasta, mar\u021bea diminea\u021ba suntem \u00eenchi\u0219i.<\/p><p class=\"isSelectedEnd\">\u00cen plus, \u00een zilele de miercuri men\u021bionate mai jos, ne pute\u021bi contacta doar online sau ne pute\u021bi vizita la sediul Dommeldal din Geldrop:<\/p><p>\u00a0<\/p><ul data-spread=\"false\"><li>miercuri, 20 mai<\/li><li>miercuri, 3 iunie<\/li><li>miercuri, 17 iunie<\/li><li>miercuri, 1 iulie<\/li><\/ul><p>\u00a0<\/p><p>\u00cen aceste zile, la cealalt\u0103 loca\u021bie a noastr\u0103 nu se afl\u0103 nimeni. Po\u021bi completa formularul de contact \u00een orice moment.<\/p>\t\t\t\t\t\t\t\t<\/div>\n\t\t\t\t<\/div>\n\t\t\t\t<\/div>","protected":false},"excerpt":{"rendered":"<p>Hoe kunnen we je helpen? Bellen Je kunt ons ook telefonisch bereiken via 0492 \u2013 799 523. Bellen Afspraak maken Voor het maken van een afspraak kan het contactformulier ingevuld worden. Wij nemen dan zo snel mogelijk contact met je op om een afspraak te maken. Contactformulier Openingstijden Maandag DinsdagWoensdagDonderdagVrijdagZaterdagZondag 9:00 &#8211; 17:009:00 &#8211; 17:009:00 [&hellip;]<\/p>\n","protected":false},"author":1,"featured_media":1656,"parent":0,"menu_order":0,"comment_status":"closed","ping_status":"closed","template":"","meta":{"footnotes":""},"class_list":["post-316","page","type-page","status-publish","has-post-thumbnail","hentry"],"yoast_head":"<!-- This site is optimized with the Yoast SEO plugin v27.4 - https:\/\/yoast.com\/product\/yoast-seo-wordpress\/ -->\n<title>Contact \u2013 Werkcentrum Helmond\u2013De Peel helpt u graag<\/title>\n<meta name=\"description\" content=\"Contact met het Werkcentrum Helmond\u2013De Peel: bel 0492-799 523, gebruik het formulier of kom langs op werkdagen tussen 9:00-17:00 in Helmond.\" \/>\n<meta name=\"robots\" content=\"index, follow, max-snippet:-1, max-image-preview:large, max-video-preview:-1\" \/>\n<link rel=\"canonical\" href=\"https:\/\/werkcentrumhelmonddepeel.nl\/ro\/contact\/\" \/>\n<meta property=\"og:locale\" content=\"ro_RO\" \/>\n<meta property=\"og:type\" content=\"article\" \/>\n<meta property=\"og:title\" content=\"Contact \u2013 Werkcentrum Helmond\u2013De Peel helpt u graag\" \/>\n<meta property=\"og:description\" content=\"Contact met het Werkcentrum Helmond\u2013De Peel: bel 0492-799 523, gebruik het formulier of kom langs op werkdagen tussen 9:00-17:00 in Helmond.\" \/>\n<meta property=\"og:url\" content=\"https:\/\/werkcentrumhelmonddepeel.nl\/ro\/contact\/\" \/>\n<meta property=\"og:site_name\" content=\"Werkcentrum Helmond de Peel\" \/>\n<meta property=\"article:modified_time\" content=\"2026-05-13T10:06:26+00:00\" \/>\n<meta property=\"og:image\" content=\"https:\/\/werkcentrumhelmonddepeel.nl\/wp-content\/uploads\/2025\/08\/samenwerken-kantoor-computers.webp\" \/>\n\t<meta property=\"og:image:width\" content=\"1600\" \/>\n\t<meta property=\"og:image:height\" content=\"1067\" \/>\n\t<meta property=\"og:image:type\" content=\"image\/webp\" \/>\n<meta name=\"twitter:card\" content=\"summary_large_image\" \/>\n<meta name=\"twitter:label1\" content=\"Timp estimat pentru citire\" \/>\n\t<meta name=\"twitter:data1\" content=\"1 minut\" \/>\n<script type=\"application\/ld+json\" class=\"yoast-schema-graph\">{\"@context\":\"https:\\\/\\\/schema.org\",\"@graph\":[{\"@type\":\"WebPage\",\"@id\":\"https:\\\/\\\/werkcentrumhelmonddepeel.nl\\\/contact\\\/\",\"url\":\"https:\\\/\\\/werkcentrumhelmonddepeel.nl\\\/contact\\\/\",\"name\":\"Contact \u2013 Werkcentrum Helmond\u2013De Peel helpt u graag\",\"isPartOf\":{\"@id\":\"https:\\\/\\\/werkcentrumhelmonddepeel.nl\\\/#website\"},\"primaryImageOfPage\":{\"@id\":\"https:\\\/\\\/werkcentrumhelmonddepeel.nl\\\/contact\\\/#primaryimage\"},\"image\":{\"@id\":\"https:\\\/\\\/werkcentrumhelmonddepeel.nl\\\/contact\\\/#primaryimage\"},\"thumbnailUrl\":\"https:\\\/\\\/werkcentrumhelmonddepeel.nl\\\/wp-content\\\/uploads\\\/2025\\\/08\\\/samenwerken-kantoor-computers.webp\",\"datePublished\":\"2025-08-21T12:25:33+00:00\",\"dateModified\":\"2026-05-13T10:06:26+00:00\",\"description\":\"Contact met het Werkcentrum Helmond\u2013De Peel: bel 0492-799 523, gebruik het formulier of kom langs op werkdagen tussen 9:00-17:00 in Helmond.\",\"breadcrumb\":{\"@id\":\"https:\\\/\\\/werkcentrumhelmonddepeel.nl\\\/contact\\\/#breadcrumb\"},\"inLanguage\":\"ro-RO\",\"potentialAction\":[{\"@type\":\"ReadAction\",\"target\":[\"https:\\\/\\\/werkcentrumhelmonddepeel.nl\\\/contact\\\/\"]}]},{\"@type\":\"ImageObject\",\"inLanguage\":\"ro-RO\",\"@id\":\"https:\\\/\\\/werkcentrumhelmonddepeel.nl\\\/contact\\\/#primaryimage\",\"url\":\"https:\\\/\\\/werkcentrumhelmonddepeel.nl\\\/wp-content\\\/uploads\\\/2025\\\/08\\\/samenwerken-kantoor-computers.webp\",\"contentUrl\":\"https:\\\/\\\/werkcentrumhelmonddepeel.nl\\\/wp-content\\\/uploads\\\/2025\\\/08\\\/samenwerken-kantoor-computers.webp\",\"width\":1600,\"height\":1067,\"caption\":\"Twee personen werken samen achter computerschermen in kantoor\"},{\"@type\":\"BreadcrumbList\",\"@id\":\"https:\\\/\\\/werkcentrumhelmonddepeel.nl\\\/contact\\\/#breadcrumb\",\"itemListElement\":[{\"@type\":\"ListItem\",\"position\":1,\"name\":\"Home\",\"item\":\"https:\\\/\\\/werkcentrumhelmonddepeel.nl\\\/\"},{\"@type\":\"ListItem\",\"position\":2,\"name\":\"Contact\"}]},{\"@type\":\"WebSite\",\"@id\":\"https:\\\/\\\/werkcentrumhelmonddepeel.nl\\\/#website\",\"url\":\"https:\\\/\\\/werkcentrumhelmonddepeel.nl\\\/\",\"name\":\"Werkcentrum Helmond de Peel\",\"description\":\"...en je kunt weer vooruit\",\"publisher\":{\"@id\":\"https:\\\/\\\/werkcentrumhelmonddepeel.nl\\\/#organization\"},\"potentialAction\":[{\"@type\":\"SearchAction\",\"target\":{\"@type\":\"EntryPoint\",\"urlTemplate\":\"https:\\\/\\\/werkcentrumhelmonddepeel.nl\\\/?s={search_term_string}\"},\"query-input\":{\"@type\":\"PropertyValueSpecification\",\"valueRequired\":true,\"valueName\":\"search_term_string\"}}],\"inLanguage\":\"ro-RO\"},{\"@type\":\"Organization\",\"@id\":\"https:\\\/\\\/werkcentrumhelmonddepeel.nl\\\/#organization\",\"name\":\"Werkcentrum Helmond de Peel\",\"url\":\"https:\\\/\\\/werkcentrumhelmonddepeel.nl\\\/\",\"logo\":{\"@type\":\"ImageObject\",\"inLanguage\":\"ro-RO\",\"@id\":\"https:\\\/\\\/werkcentrumhelmonddepeel.nl\\\/#\\\/schema\\\/logo\\\/image\\\/\",\"url\":\"https:\\\/\\\/werkcentrumhelmonddepeel.nl\\\/wp-content\\\/uploads\\\/2025\\\/08\\\/Regio-logo-RGB-Helmond-De-Peel.svg\",\"contentUrl\":\"https:\\\/\\\/werkcentrumhelmonddepeel.nl\\\/wp-content\\\/uploads\\\/2025\\\/08\\\/Regio-logo-RGB-Helmond-De-Peel.svg\",\"width\":156,\"height\":43,\"caption\":\"Werkcentrum Helmond de Peel\"},\"image\":{\"@id\":\"https:\\\/\\\/werkcentrumhelmonddepeel.nl\\\/#\\\/schema\\\/logo\\\/image\\\/\"}}]}<\/script>\n<!-- \/ Yoast SEO plugin. -->","yoast_head_json":{"title":"Contact - Werkcentrum Helmond-De Peel este fericit s\u0103 v\u0103 ajute","description":"Contacta\u021bi Centrul de lucru Helmond-De Peel: suna\u021bi la 0492-799 523, utiliza\u021bi formularul sau veni\u021bi \u00een zilele lucr\u0103toare \u00eentre orele 9:00-17:00 \u00een Helmond.","robots":{"index":"index","follow":"follow","max-snippet":"max-snippet:-1","max-image-preview":"max-image-preview:large","max-video-preview":"max-video-preview:-1"},"canonical":"https:\/\/werkcentrumhelmonddepeel.nl\/ro\/contact\/","og_locale":"ro_RO","og_type":"article","og_title":"Contact \u2013 Werkcentrum Helmond\u2013De Peel helpt u graag","og_description":"Contact met het Werkcentrum Helmond\u2013De Peel: bel 0492-799 523, gebruik het formulier of kom langs op werkdagen tussen 9:00-17:00 in Helmond.","og_url":"https:\/\/werkcentrumhelmonddepeel.nl\/ro\/contact\/","og_site_name":"Werkcentrum Helmond de Peel","article_modified_time":"2026-05-13T10:06:26+00:00","og_image":[{"width":1600,"height":1067,"url":"https:\/\/werkcentrumhelmonddepeel.nl\/wp-content\/uploads\/2025\/08\/samenwerken-kantoor-computers.webp","type":"image\/webp"}],"twitter_card":"summary_large_image","twitter_misc":{"Timp estimat pentru citire":"1 minut"},"schema":{"@context":"https:\/\/schema.org","@graph":[{"@type":"WebPage","@id":"https:\/\/werkcentrumhelmonddepeel.nl\/contact\/","url":"https:\/\/werkcentrumhelmonddepeel.nl\/contact\/","name":"Contact - Werkcentrum Helmond-De Peel este fericit s\u0103 v\u0103 ajute","isPartOf":{"@id":"https:\/\/werkcentrumhelmonddepeel.nl\/#website"},"primaryImageOfPage":{"@id":"https:\/\/werkcentrumhelmonddepeel.nl\/contact\/#primaryimage"},"image":{"@id":"https:\/\/werkcentrumhelmonddepeel.nl\/contact\/#primaryimage"},"thumbnailUrl":"https:\/\/werkcentrumhelmonddepeel.nl\/wp-content\/uploads\/2025\/08\/samenwerken-kantoor-computers.webp","datePublished":"2025-08-21T12:25:33+00:00","dateModified":"2026-05-13T10:06:26+00:00","description":"Contacta\u021bi Centrul de lucru Helmond-De Peel: suna\u021bi la 0492-799 523, utiliza\u021bi formularul sau veni\u021bi \u00een zilele lucr\u0103toare \u00eentre orele 9:00-17:00 \u00een Helmond.","breadcrumb":{"@id":"https:\/\/werkcentrumhelmonddepeel.nl\/contact\/#breadcrumb"},"inLanguage":"ro-RO","potentialAction":[{"@type":"ReadAction","target":["https:\/\/werkcentrumhelmonddepeel.nl\/contact\/"]}]},{"@type":"ImageObject","inLanguage":"ro-RO","@id":"https:\/\/werkcentrumhelmonddepeel.nl\/contact\/#primaryimage","url":"https:\/\/werkcentrumhelmonddepeel.nl\/wp-content\/uploads\/2025\/08\/samenwerken-kantoor-computers.webp","contentUrl":"https:\/\/werkcentrumhelmonddepeel.nl\/wp-content\/uploads\/2025\/08\/samenwerken-kantoor-computers.webp","width":1600,"height":1067,"caption":"Twee personen werken samen achter computerschermen in kantoor"},{"@type":"BreadcrumbList","@id":"https:\/\/werkcentrumhelmonddepeel.nl\/contact\/#breadcrumb","itemListElement":[{"@type":"ListItem","position":1,"name":"Home","item":"https:\/\/werkcentrumhelmonddepeel.nl\/"},{"@type":"ListItem","position":2,"name":"Contact"}]},{"@type":"WebSite","@id":"https:\/\/werkcentrumhelmonddepeel.nl\/#website","url":"https:\/\/werkcentrumhelmonddepeel.nl\/","name":"Centrul de lucru Helmond de Peel","description":"...\u0219i pute\u021bi merge din nou \u00eenainte","publisher":{"@id":"https:\/\/werkcentrumhelmonddepeel.nl\/#organization"},"potentialAction":[{"@type":"SearchAction","target":{"@type":"EntryPoint","urlTemplate":"https:\/\/werkcentrumhelmonddepeel.nl\/?s={search_term_string}"},"query-input":{"@type":"PropertyValueSpecification","valueRequired":true,"valueName":"search_term_string"}}],"inLanguage":"ro-RO"},{"@type":"Organization","@id":"https:\/\/werkcentrumhelmonddepeel.nl\/#organization","name":"Centrul de lucru Helmond de Peel","url":"https:\/\/werkcentrumhelmonddepeel.nl\/","logo":{"@type":"ImageObject","inLanguage":"ro-RO","@id":"https:\/\/werkcentrumhelmonddepeel.nl\/#\/schema\/logo\/image\/","url":"https:\/\/werkcentrumhelmonddepeel.nl\/wp-content\/uploads\/2025\/08\/Regio-logo-RGB-Helmond-De-Peel.svg","contentUrl":"https:\/\/werkcentrumhelmonddepeel.nl\/wp-content\/uploads\/2025\/08\/Regio-logo-RGB-Helmond-De-Peel.svg","width":156,"height":43,"caption":"Werkcentrum Helmond de Peel"},"image":{"@id":"https:\/\/werkcentrumhelmonddepeel.nl\/#\/schema\/logo\/image\/"}}]}},"_links":{"self":[{"href":"https:\/\/werkcentrumhelmonddepeel.nl\/ro\/wp-json\/wp\/v2\/pages\/316","targetHints":{"allow":["GET"]}}],"collection":[{"href":"https:\/\/werkcentrumhelmonddepeel.nl\/ro\/wp-json\/wp\/v2\/pages"}],"about":[{"href":"https:\/\/werkcentrumhelmonddepeel.nl\/ro\/wp-json\/wp\/v2\/types\/page"}],"author":[{"embeddable":true,"href":"https:\/\/werkcentrumhelmonddepeel.nl\/ro\/wp-json\/wp\/v2\/users\/1"}],"replies":[{"embeddable":true,"href":"https:\/\/werkcentrumhelmonddepeel.nl\/ro\/wp-json\/wp\/v2\/comments?post=316"}],"version-history":[{"count":148,"href":"https:\/\/werkcentrumhelmonddepeel.nl\/ro\/wp-json\/wp\/v2\/pages\/316\/revisions"}],"predecessor-version":[{"id":2983,"href":"https:\/\/werkcentrumhelmonddepeel.nl\/ro\/wp-json\/wp\/v2\/pages\/316\/revisions\/2983"}],"wp:featuredmedia":[{"embeddable":true,"href":"https:\/\/werkcentrumhelmonddepeel.nl\/ro\/wp-json\/wp\/v2\/media\/1656"}],"wp:attachment":[{"href":"https:\/\/werkcentrumhelmonddepeel.nl\/ro\/wp-json\/wp\/v2\/media?parent=316"}],"curies":[{"name":"wp","href":"https:\/\/api.w.org\/{rel}","templated":true}]}}